{"id":46355,"date":"2023-03-26T14:17:48","date_gmt":"2023-03-26T14:17:48","guid":{"rendered":"https:\/\/tzalash.org\/tzalash-idf\/"},"modified":"2026-03-17T13:06:47","modified_gmt":"2026-03-17T13:06:47","slug":"tzalash-idf","status":"publish","type":"page","link":"https:\/\/tzalash.org\/pt-br\/tzalash-idf\/","title":{"rendered":"Tzalash: IDF"},"content":{"rendered":"\t\t<div data-elementor-type=\"wp-page\" data-elementor-id=\"46355\" class=\"elementor elementor-46355 elementor-3515\" data-elementor-post-type=\"page\">\n\t\t\t\t\t\t<section class=\"elementor-section elementor-top-section elementor-element elementor-element-3925955 hero-section elementor-section-boxed elementor-section-height-default elementor-section-height-default\" data-id=\"3925955\" data-element_type=\"section\" data-settings=\"{&quot;background_background&quot;:&quot;classic&quot;,&quot;jet_parallax_layout_list&quot;:[]}\">\n\t\t\t\t\t\t\t<div class=\"elementor-background-overlay\"><\/div>\n\t\t\t\t\t\t\t<div class=\"elementor-container elementor-column-gap-default\">\n\t\t\t\t\t<div class=\"elementor-column elementor-col-100 elementor-top-column elementor-element elementor-element-493a9e9 max-width-80-vw-important\" data-id=\"493a9e9\" data-element_type=\"column\">\n\t\t\t<div class=\"elementor-widget-wrap elementor-element-populated\">\n\t\t\t\t\t\t<div class=\"elementor-element elementor-element-e8b4e93 elementor-widget elementor-widget-text-editor\" data-id=\"e8b4e93\" data-element_type=\"widget\" data-widget_type=\"text-editor.default\">\n\t\t\t\t<div class=\"elementor-widget-container\">\n\t\t\t\t\t\t\t\t\t<p>Tzalash: IDF<\/p>\n\t\t\t\t\t\t\t\t<\/div>\n\t\t\t\t<\/div>\n\t\t\t\t<div class=\"elementor-element elementor-element-2dd8751 elementor-widget__width-initial elementor-widget elementor-widget-heading\" data-id=\"2dd8751\" data-element_type=\"widget\" data-widget_type=\"heading.default\">\n\t\t\t\t<div class=\"elementor-widget-container\">\n\t\t\t\t\t<h1 class=\"elementor-heading-title elementor-size-default\">A Tzalash oferece uma ampla variedade de programas de apoio aos soldados\n\n<\/h1>\t\t\t\t<\/div>\n\t\t\t\t<\/div>\n\t\t\t\t<div class=\"elementor-element elementor-element-c9066c8 elementor-align-left dn-btn elementor-widget elementor-widget-button\" data-id=\"c9066c8\" data-element_type=\"widget\" data-widget_type=\"button.default\">\n\t\t\t\t<div class=\"elementor-widget-container\">\n\t\t\t\t\t\t\t\t\t<div class=\"elementor-button-wrapper\">\n\t\t\t\t\t<a class=\"elementor-button elementor-size-sm\" role=\"button\">\n\t\t\t\t\t\t<span class=\"elementor-button-content-wrapper\">\n\t\t\t\t\t\t\t\t\t<span class=\"elementor-button-text\">Veja os nossos programas <\/span>\n\t\t\t\t\t<\/span>\n\t\t\t\t\t<\/a>\n\t\t\t\t<\/div>\n\t\t\t\t\t\t\t\t<\/div>\n\t\t\t\t<\/div>\n\t\t\t\t\t<\/div>\n\t\t<\/div>\n\t\t\t\t\t<\/div>\n\t\t<\/section>\n\t\t\t\t<section class=\"elementor-section elementor-top-section elementor-element elementor-element-30f6686 hero-section elementor-section-boxed elementor-section-height-default elementor-section-height-default\" data-id=\"30f6686\" data-element_type=\"section\" data-settings=\"{&quot;background_background&quot;:&quot;classic&quot;,&quot;jet_parallax_layout_list&quot;:[]}\">\n\t\t\t\t\t\t\t<div class=\"elementor-background-overlay\"><\/div>\n\t\t\t\t\t\t\t<div class=\"elementor-container elementor-column-gap-default\">\n\t\t\t\t\t<div class=\"elementor-column elementor-col-100 elementor-top-column elementor-element elementor-element-a91109f\" data-id=\"a91109f\" data-element_type=\"column\">\n\t\t\t<div class=\"elementor-widget-wrap elementor-element-populated\">\n\t\t\t\t\t\t<section class=\"elementor-section elementor-inner-section elementor-element elementor-element-83d6045 elementor-section-full_width max-width-80-vw-important elementor-section-height-default elementor-section-height-default\" data-id=\"83d6045\" data-element_type=\"section\" data-settings=\"{&quot;jet_parallax_layout_list&quot;:[]}\">\n\t\t\t\t\t\t<div class=\"elementor-container elementor-column-gap-default\">\n\t\t\t\t\t<div class=\"elementor-column elementor-col-50 elementor-inner-column elementor-element elementor-element-864c140\" data-id=\"864c140\" data-element_type=\"column\">\n\t\t\t<div class=\"elementor-widget-wrap elementor-element-populated\">\n\t\t\t\t\t\t<div class=\"elementor-element elementor-element-30121bb elementor-position-top elementor-widget elementor-widget-image-box\" data-id=\"30121bb\" data-element_type=\"widget\" data-widget_type=\"image-box.default\">\n\t\t\t\t<div class=\"elementor-widget-container\">\n\t\t\t\t\t<div class=\"elementor-image-box-wrapper\"><figure class=\"elementor-image-box-img\"><img fetchpriority=\"high\" decoding=\"async\" width=\"565\" height=\"216\" src=\"https:\/\/tzalash.org\/wp-content\/uploads\/2023\/03\/tzalash-page-1.png\" class=\"attachment-full size-full wp-image-3529\" alt=\"\" srcset=\"https:\/\/tzalash.org\/wp-content\/uploads\/2023\/03\/tzalash-page-1.png 565w, https:\/\/tzalash.org\/wp-content\/uploads\/2023\/03\/tzalash-page-1-64x24.png 64w, https:\/\/tzalash.org\/wp-content\/uploads\/2023\/03\/tzalash-page-1-300x115.png 300w\" sizes=\"(max-width: 565px) 100vw, 565px\" \/><\/figure><div class=\"elementor-image-box-content\"><h3 class=\"elementor-image-box-title\">Visitas aos soldados, nas bases e em campo<\/h3><p class=\"elementor-image-box-description\">N\u00e3o h\u00e1 nada que um soldado aprecie mais do que uma visita pessoal \u00e0 base. Ao longo do ano, trabalhamos em colabora\u00e7\u00e3o com o rabinato militar para permitir que a equipe da Tzalash visite os soldados semanalmente. Cada visita inclui uma quantidade consider\u00e1vel de lanches, comida, bebidas, presentes e, claro, nenhuma visita estaria completa sem fortalecimento espiritual e mental, com especial aten\u00e7\u00e3o \u00e0s quest\u00f5es que surgem para os soldados no campo de batalha.  <\/p><\/div><\/div>\t\t\t\t<\/div>\n\t\t\t\t<\/div>\n\t\t\t\t\t<\/div>\n\t\t<\/div>\n\t\t\t\t<div class=\"elementor-column elementor-col-50 elementor-inner-column elementor-element elementor-element-55c705c\" data-id=\"55c705c\" data-element_type=\"column\">\n\t\t\t<div class=\"elementor-widget-wrap elementor-element-populated\">\n\t\t\t\t\t\t<div class=\"elementor-element elementor-element-24793c2 elementor-position-top elementor-widget elementor-widget-image-box\" data-id=\"24793c2\" data-element_type=\"widget\" data-widget_type=\"image-box.default\">\n\t\t\t\t<div class=\"elementor-widget-container\">\n\t\t\t\t\t<div class=\"elementor-image-box-wrapper\"><figure class=\"elementor-image-box-img\"><img decoding=\"async\" width=\"566\" height=\"216\" src=\"https:\/\/tzalash.org\/wp-content\/uploads\/2023\/03\/tzalash-page-2.png\" class=\"attachment-full size-full wp-image-3528\" alt=\"\" srcset=\"https:\/\/tzalash.org\/wp-content\/uploads\/2023\/03\/tzalash-page-2.png 566w, https:\/\/tzalash.org\/wp-content\/uploads\/2023\/03\/tzalash-page-2-64x24.png 64w, https:\/\/tzalash.org\/wp-content\/uploads\/2023\/03\/tzalash-page-2-300x114.png 300w\" sizes=\"(max-width: 566px) 100vw, 566px\" \/><\/figure><div class=\"elementor-image-box-content\"><h3 class=\"elementor-image-box-title\">Amei Tua Tor\u00e1, porque ela \u00e9 nossa vida<br>Conclus\u00e3o de tratados de Mishn\u00e1 e de Guemar\u00e1 no ex\u00e9rcito <\/h3><p class=\"elementor-image-box-description\">Para incentivar soldados e comandantes a estudarem Tor\u00e1 regularmente durante o servi\u00e7o militar, a Tzalash imprime edi\u00e7\u00f5es de bolso comentadas da Mishn\u00e1 e da Guemar\u00e1, que s\u00e3o distribu\u00eddas aos soldados. Os livretos s\u00e3o especialmente adaptados ao tamanho de um bolso de uniforme, para que o soldado possa carreg\u00e1-los facilmente o tempo todo. Quando o estudo \u00e9 dividido em pequenas partes, mais soldados sentem que podem investir tempo e esfor\u00e7o no estudo. Al\u00e9m do estudo individual, quando os coordenadores da Tzalash visitam e realizam reuni\u00f5es em bases e postos avan\u00e7ados, eles distribuem as p\u00e1ginas do tratado entre os soldados, que estudam juntos e concluem o tratado em uma hora. A Tzalash patrocina os alegres lanches de comemora\u00e7\u00e3o pela conclus\u00e3o dos tratados. A conclus\u00e3o dos tratados tornou-se um grande evento e \u00e9 celebrada com cantos e dan\u00e7as durante as v\u00e1rias etapas do servi\u00e7o. \n<\/p><\/div><\/div>\t\t\t\t<\/div>\n\t\t\t\t<\/div>\n\t\t\t\t\t<\/div>\n\t\t<\/div>\n\t\t\t\t\t<\/div>\n\t\t<\/section>\n\t\t\t\t<section class=\"elementor-section elementor-inner-section elementor-element elementor-element-d8f86d8 elementor-section-full_width max-width-80-vw-important elementor-section-height-default elementor-section-height-default\" data-id=\"d8f86d8\" data-element_type=\"section\" data-settings=\"{&quot;jet_parallax_layout_list&quot;:[]}\">\n\t\t\t\t\t\t<div class=\"elementor-container elementor-column-gap-default\">\n\t\t\t\t\t<div class=\"elementor-column elementor-col-50 elementor-inner-column elementor-element elementor-element-173185d\" data-id=\"173185d\" data-element_type=\"column\">\n\t\t\t<div class=\"elementor-widget-wrap elementor-element-populated\">\n\t\t\t\t\t\t<div class=\"elementor-element elementor-element-33b6c33 elementor-position-top elementor-widget elementor-widget-image-box\" data-id=\"33b6c33\" data-element_type=\"widget\" data-widget_type=\"image-box.default\">\n\t\t\t\t<div class=\"elementor-widget-container\">\n\t\t\t\t\t<div class=\"elementor-image-box-wrapper\"><figure class=\"elementor-image-box-img\"><img decoding=\"async\" width=\"565\" height=\"217\" src=\"https:\/\/tzalash.org\/wp-content\/uploads\/2023\/03\/tzalash-page-3.png\" class=\"attachment-full size-full wp-image-3527\" alt=\"\" srcset=\"https:\/\/tzalash.org\/wp-content\/uploads\/2023\/03\/tzalash-page-3.png 565w, https:\/\/tzalash.org\/wp-content\/uploads\/2023\/03\/tzalash-page-3-64x25.png 64w, https:\/\/tzalash.org\/wp-content\/uploads\/2023\/03\/tzalash-page-3-300x115.png 300w\" sizes=\"(max-width: 565px) 100vw, 565px\" \/><\/figure><div class=\"elementor-image-box-content\"><h3 class=\"elementor-image-box-title\">Tzalash Kidush Rabak<br>Estudo de Tor\u00e1 em grupo no Shabat e feriados<\/h3><p class=\"elementor-image-box-description\">Para incentivar o companheirismo e a atmosfera especial de Shabat entre todos os soldados, a Tzalash patrocina um Kidush na manh\u00e3 de Shabat, Oneg Shabat ou \u201cTish\u201d em todas as bases onde os soldados se re\u00fanem para o estudo da Tor\u00e1 e um momento de ascens\u00e3o espiritual. Este projeto transforma o Shabat que os soldados passam na base ou posto: o que era um \u201cdia de descanso\u201d comum passa a ser um \u201cdia de crescimento espiritual\u201d. Al\u00e9m disso, a Tzalash patrocina encontros para estudo de Tor\u00e1 no primeiro dia do m\u00eas, dias sagrados e dias festivos ao longo do ciclo do ano. \n<\/p><\/div><\/div>\t\t\t\t<\/div>\n\t\t\t\t<\/div>\n\t\t\t\t\t<\/div>\n\t\t<\/div>\n\t\t\t\t<div class=\"elementor-column elementor-col-50 elementor-inner-column elementor-element elementor-element-4f3727d\" data-id=\"4f3727d\" data-element_type=\"column\">\n\t\t\t<div class=\"elementor-widget-wrap elementor-element-populated\">\n\t\t\t\t\t\t<div class=\"elementor-element elementor-element-6ce2143 elementor-position-top elementor-widget elementor-widget-image-box\" data-id=\"6ce2143\" data-element_type=\"widget\" data-widget_type=\"image-box.default\">\n\t\t\t\t<div class=\"elementor-widget-container\">\n\t\t\t\t\t<div class=\"elementor-image-box-wrapper\"><figure class=\"elementor-image-box-img\"><img loading=\"lazy\" decoding=\"async\" width=\"566\" height=\"216\" src=\"https:\/\/tzalash.org\/wp-content\/uploads\/2023\/03\/tzalash-page-4.png\" class=\"attachment-full size-full wp-image-3526\" alt=\"\" srcset=\"https:\/\/tzalash.org\/wp-content\/uploads\/2023\/03\/tzalash-page-4.png 566w, https:\/\/tzalash.org\/wp-content\/uploads\/2023\/03\/tzalash-page-4-64x24.png 64w, https:\/\/tzalash.org\/wp-content\/uploads\/2023\/03\/tzalash-page-4-300x114.png 300w\" sizes=\"(max-width: 566px) 100vw, 566px\" \/><\/figure><div class=\"elementor-image-box-content\"><h3 class=\"elementor-image-box-title\">Reda\u00e7\u00e3o e distribui\u00e7\u00e3o de livros de fortalecimento para soldados<\/h3><p class=\"elementor-image-box-description\">A equipe da Tzalash participa de encontros presenciais com os soldados a partir da vis\u00e3o de mundo da Tor\u00e1 que tivemos o privil\u00e9gio de aprender nos Batei Hamidrash de Tor\u00e1. Os soldados que est\u00e3o nas bases e em campo querem conte\u00fado de Tor\u00e1 que se conecte com sua vida militar. Gra\u00e7as a D\u2019us, trabalhamos h\u00e1 mais de vinte anos (dez anos antes da funda\u00e7\u00e3o da associa\u00e7\u00e3o) na produ\u00e7\u00e3o de conte\u00fado que atende \u00e0s necessidades dos soldados em todos os desafios militares que enfrentam. O conte\u00fado eleva a vis\u00e3o dos soldados e os fortalece. Todos os livretos s\u00e3o impressos em formato de bolso, para que os soldados possam lev\u00e1-los para qualquer lugar e t\u00ea-los sempre \u00e0 m\u00e3o.  \n\n<\/p><\/div><\/div>\t\t\t\t<\/div>\n\t\t\t\t<\/div>\n\t\t\t\t\t<\/div>\n\t\t<\/div>\n\t\t\t\t\t<\/div>\n\t\t<\/section>\n\t\t\t\t<section class=\"elementor-section elementor-inner-section elementor-element elementor-element-4aca046 elementor-section-full_width max-width-80-vw-important elementor-section-height-default elementor-section-height-default\" data-id=\"4aca046\" data-element_type=\"section\" data-settings=\"{&quot;jet_parallax_layout_list&quot;:[]}\">\n\t\t\t\t\t\t<div class=\"elementor-container elementor-column-gap-default\">\n\t\t\t\t\t<div class=\"elementor-column elementor-col-50 elementor-inner-column elementor-element elementor-element-d359a93\" data-id=\"d359a93\" data-element_type=\"column\">\n\t\t\t<div class=\"elementor-widget-wrap elementor-element-populated\">\n\t\t\t\t\t\t<div class=\"elementor-element elementor-element-2a29eeb elementor-position-top elementor-widget elementor-widget-image-box\" data-id=\"2a29eeb\" data-element_type=\"widget\" data-widget_type=\"image-box.default\">\n\t\t\t\t<div class=\"elementor-widget-container\">\n\t\t\t\t\t<div class=\"elementor-image-box-wrapper\"><figure class=\"elementor-image-box-img\"><img loading=\"lazy\" decoding=\"async\" width=\"565\" height=\"217\" src=\"https:\/\/tzalash.org\/wp-content\/uploads\/2023\/03\/tzalash-page-5.png\" class=\"attachment-full size-full wp-image-3525\" alt=\"\" srcset=\"https:\/\/tzalash.org\/wp-content\/uploads\/2023\/03\/tzalash-page-5.png 565w, https:\/\/tzalash.org\/wp-content\/uploads\/2023\/03\/tzalash-page-5-64x25.png 64w, https:\/\/tzalash.org\/wp-content\/uploads\/2023\/03\/tzalash-page-5-300x115.png 300w\" sizes=\"(max-width: 565px) 100vw, 565px\" \/><\/figure><div class=\"elementor-image-box-content\"><h3 class=\"elementor-image-box-title\">Soldados solit\u00e1rios<\/h3><p class=\"elementor-image-box-description\">Acompanhamento espiritual e apoio a soldados solit\u00e1rios religiosos<br>Como parte dos esfor\u00e7os para expandir as atividades da Tzalash, tamb\u00e9m apoiamos e ajudamos soldados solit\u00e1rios. A Tzalash reconhece as necessidades espec\u00edficas desses soldados. Encontramos dois tipos de soldados solit\u00e1rios: o primeiro tipo, que \u00e9 mais familiar a todos, s\u00e3o os soldados que tiveram o privil\u00e9gio de fazer ali\u00e1 para Israel e cujos pais e familiares ainda moram no exterior. O segundo tipo, menos conhecido, s\u00e3o os soldados que decidiram abandonar temporariamente o caminho da Tor\u00e1 e dos mandamentos, cujos pais e familiares vivem em Israel, mas com os quais cortaram todo o contato. Na Tzalash, acolhemos esses soldados e os reconectamos com suas fam\u00edlias. Al\u00e9m disso, realizamos visitas especiais a bases e postos avan\u00e7ados. Oferecemos apoio durante os Shabatot e feriados, al\u00e9m de oferecer suporte espiritual personalizado para cada um.  \n\n\n<\/p><\/div><\/div>\t\t\t\t<\/div>\n\t\t\t\t<\/div>\n\t\t\t\t\t<\/div>\n\t\t<\/div>\n\t\t\t\t<div class=\"elementor-column elementor-col-50 elementor-inner-column elementor-element elementor-element-f28586d\" data-id=\"f28586d\" data-element_type=\"column\">\n\t\t\t<div class=\"elementor-widget-wrap elementor-element-populated\">\n\t\t\t\t\t\t<div class=\"elementor-element elementor-element-1803a5f elementor-position-top elementor-widget elementor-widget-image-box\" data-id=\"1803a5f\" data-element_type=\"widget\" data-widget_type=\"image-box.default\">\n\t\t\t\t<div class=\"elementor-widget-container\">\n\t\t\t\t\t<div class=\"elementor-image-box-wrapper\"><figure class=\"elementor-image-box-img\"><img loading=\"lazy\" decoding=\"async\" width=\"566\" height=\"217\" src=\"https:\/\/tzalash.org\/wp-content\/uploads\/2023\/03\/tzalash-page-6.png\" class=\"attachment-full size-full wp-image-3524\" alt=\"\" srcset=\"https:\/\/tzalash.org\/wp-content\/uploads\/2023\/03\/tzalash-page-6.png 566w, https:\/\/tzalash.org\/wp-content\/uploads\/2023\/03\/tzalash-page-6-64x25.png 64w, https:\/\/tzalash.org\/wp-content\/uploads\/2023\/03\/tzalash-page-6-300x115.png 300w\" sizes=\"(max-width: 566px) 100vw, 566px\" \/><\/figure><div class=\"elementor-image-box-content\"><h3 class=\"elementor-image-box-title\">Alegria de domingo: Tor\u00e1 e inspira\u00e7\u00e3o para soldados em regresso \u00e0 base<\/h3><p class=\"elementor-image-box-description\">\u201cAlegria de domingo\u201d \u00e9 um projeto realizado em coopera\u00e7\u00e3o especial com o rabinato militar e as autoridades de comando do ex\u00e9rcito, em que, semanalmente, recebemos soldados de diferentes comandos e unidades. Os soldados participam do \u201cDia de Yeshiv\u00e1\u201d, quando assistem a aulas e palestras de diversos rabinos, comandantes de alta patente e do pessoal da Tzalash, come\u00e7ando a semana com alegria e encorajamento.  \n\n\n<\/p><\/div><\/div>\t\t\t\t<\/div>\n\t\t\t\t<\/div>\n\t\t\t\t\t<\/div>\n\t\t<\/div>\n\t\t\t\t\t<\/div>\n\t\t<\/section>\n\t\t\t\t<section class=\"elementor-section elementor-inner-section elementor-element elementor-element-91a22ae elementor-section-full_width max-width-80-vw-important elementor-section-height-default elementor-section-height-default\" data-id=\"91a22ae\" data-element_type=\"section\" data-settings=\"{&quot;jet_parallax_layout_list&quot;:[]}\">\n\t\t\t\t\t\t<div class=\"elementor-container elementor-column-gap-default\">\n\t\t\t\t\t<div class=\"elementor-column elementor-col-50 elementor-inner-column elementor-element elementor-element-7bd748f\" data-id=\"7bd748f\" data-element_type=\"column\">\n\t\t\t<div class=\"elementor-widget-wrap elementor-element-populated\">\n\t\t\t\t\t\t<div class=\"elementor-element elementor-element-1f8fcd5 elementor-position-top elementor-widget elementor-widget-image-box\" data-id=\"1f8fcd5\" data-element_type=\"widget\" data-widget_type=\"image-box.default\">\n\t\t\t\t<div class=\"elementor-widget-container\">\n\t\t\t\t\t<div class=\"elementor-image-box-wrapper\"><figure class=\"elementor-image-box-img\"><img loading=\"lazy\" decoding=\"async\" width=\"565\" height=\"217\" src=\"https:\/\/tzalash.org\/wp-content\/uploads\/2023\/03\/tzalash-page-8.png\" class=\"attachment-full size-full wp-image-3522\" alt=\"\" srcset=\"https:\/\/tzalash.org\/wp-content\/uploads\/2023\/03\/tzalash-page-8.png 565w, https:\/\/tzalash.org\/wp-content\/uploads\/2023\/03\/tzalash-page-8-64x25.png 64w, https:\/\/tzalash.org\/wp-content\/uploads\/2023\/03\/tzalash-page-8-300x115.png 300w\" sizes=\"(max-width: 565px) 100vw, 565px\" \/><\/figure><div class=\"elementor-image-box-content\"><h3 class=\"elementor-image-box-title\">Confer\u00eancia para recrutas: um dia de estudo intensivo em prepara\u00e7\u00e3o para o alistamento<\/h3><p class=\"elementor-image-box-description\">Uma confer\u00eancia especial para estudantes de yeshiv\u00e1 e escolas preparat\u00f3rias que acontece antes do alistamento nas For\u00e7as de Defesa de Israel. Um dia intenso de aulas de Tor\u00e1 ministradas por diretores de yeshivot e escolas preparat\u00f3rias, comandantes experientes e coordenadores de campo da Tzalash. O dia serve como uma introdu\u00e7\u00e3o aos diversos projetos da Tzalash. As aulas abrangem muitos temas que tocam o cora\u00e7\u00e3o dos recrutas e os preparam para todos os desafios que enfrentar\u00e3o durante o servi\u00e7o militar. A confer\u00eancia termina com um estudo em grupo do Talmud de bolso da Tzalash, a conclus\u00e3o de um tratado e uma refei\u00e7\u00e3o de mitzv\u00e1.   \n\n\n<\/p><\/div><\/div>\t\t\t\t<\/div>\n\t\t\t\t<\/div>\n\t\t\t\t\t<\/div>\n\t\t<\/div>\n\t\t\t\t<div class=\"elementor-column elementor-col-50 elementor-inner-column elementor-element elementor-element-2a20521\" data-id=\"2a20521\" data-element_type=\"column\">\n\t\t\t<div class=\"elementor-widget-wrap\">\n\t\t\t\t\t\t\t<\/div>\n\t\t<\/div>\n\t\t\t\t\t<\/div>\n\t\t<\/section>\n\t\t\t\t\t<\/div>\n\t\t<\/div>\n\t\t\t\t\t<\/div>\n\t\t<\/section>\n\t\t\t\t<section class=\"elementor-section elementor-top-section elementor-element elementor-element-65b6373 elementor-section-full_width elementor-section-height-default elementor-section-height-default\" data-id=\"65b6373\" data-element_type=\"section\" data-settings=\"{&quot;background_background&quot;:&quot;classic&quot;,&quot;jet_parallax_layout_list&quot;:[]}\">\n\t\t\t\t\t\t<div class=\"elementor-container elementor-column-gap-default\">\n\t\t\t\t\t<div class=\"elementor-column elementor-col-33 elementor-top-column elementor-element elementor-element-e6bcb6b left-col-for-shadow\" data-id=\"e6bcb6b\" data-element_type=\"column\" data-settings=\"{&quot;background_background&quot;:&quot;classic&quot;}\">\n\t\t\t<div class=\"elementor-widget-wrap elementor-element-populated\">\n\t\t\t\t\t\t\t<\/div>\n\t\t<\/div>\n\t\t\t\t<div class=\"elementor-column elementor-col-33 elementor-top-column elementor-element elementor-element-aaf4266\" data-id=\"aaf4266\" data-element_type=\"column\">\n\t\t\t<div class=\"elementor-widget-wrap elementor-element-populated\">\n\t\t\t\t\t\t<div class=\"elementor-element elementor-element-241af9e elementor-widget__width-initial tzalash elementor-widget elementor-widget-heading\" data-id=\"241af9e\" data-element_type=\"widget\" data-widget_type=\"heading.default\">\n\t\t\t\t<div class=\"elementor-widget-container\">\n\t\t\t\t\t<h1 class=\"elementor-heading-title elementor-size-default\">Fortalecendo e capacitando os soldados em todos os lugares.<\/h1>\t\t\t\t<\/div>\n\t\t\t\t<\/div>\n\t\t\t\t<div class=\"elementor-element elementor-element-a83c104 elementor-align-center elementor-widget elementor-widget-button\" data-id=\"a83c104\" data-element_type=\"widget\" data-widget_type=\"button.default\">\n\t\t\t\t<div class=\"elementor-widget-container\">\n\t\t\t\t\t\t\t\t\t<div class=\"elementor-button-wrapper\">\n\t\t\t\t\t<a class=\"elementor-button elementor-button-link elementor-size-sm\" href=\"https:\/\/tzalash.org\/donation\/\">\n\t\t\t\t\t\t<span class=\"elementor-button-content-wrapper\">\n\t\t\t\t\t\t\t\t\t<span class=\"elementor-button-text\">Doar<\/span>\n\t\t\t\t\t<\/span>\n\t\t\t\t\t<\/a>\n\t\t\t\t<\/div>\n\t\t\t\t\t\t\t\t<\/div>\n\t\t\t\t<\/div>\n\t\t\t\t\t<\/div>\n\t\t<\/div>\n\t\t\t\t<div class=\"elementor-column elementor-col-33 elementor-top-column elementor-element elementor-element-aaca8c4 right-col-for-shadow\" data-id=\"aaca8c4\" data-element_type=\"column\" data-settings=\"{&quot;background_background&quot;:&quot;classic&quot;}\">\n\t\t\t<div class=\"elementor-widget-wrap elementor-element-populated\">\n\t\t\t\t\t\t\t<\/div>\n\t\t<\/div>\n\t\t\t\t\t<\/div>\n\t\t<\/section>\n\t\t\t\t<\/div>\n\t\t","protected":false},"excerpt":{"rendered":"<p>Tzalash: IDF A Tzalash oferece uma ampla variedade de programas de apoio aos soldados Veja os nossos programas Visitas aos soldados, nas bases e em campo N\u00e3o h\u00e1 nada que um soldado aprecie mais do que uma visita pessoal \u00e0 base. Ao longo do ano, trabalhamos em colabora\u00e7\u00e3o com o rabinato militar para permitir que [&hellip;]<\/p>\n","protected":false},"author":3,"featured_media":0,"parent":0,"menu_order":0,"comment_status":"closed","ping_status":"closed","template":"","meta":{"_acf_changed":false,"site-sidebar-layout":"no-sidebar","site-content-layout":"page-builder","ast-site-content-layout":"","site-content-style":"default","site-sidebar-style":"default","ast-global-header-display":"","ast-banner-title-visibility":"","ast-main-header-display":"","ast-hfb-above-header-display":"","ast-hfb-below-header-display":"","ast-hfb-mobile-header-display":"","site-post-title":"disabled","ast-breadcrumbs-content":"","ast-featured-img":"disabled","footer-sml-layout":"","theme-transparent-header-meta":"","adv-header-id-meta":"","stick-header-meta":"","header-above-stick-meta":"","header-main-stick-meta":"","header-below-stick-meta":"","astra-migrate-meta-layouts":"default","ast-page-background-enabled":"default","ast-page-background-meta":{"desktop":{"background-color":"","background-image":"","background-repeat":"repeat","background-position":"center center","background-size":"auto","background-attachment":"scroll","background-type":"","background-media":"","overlay-type":"","overlay-color":"","overlay-opacity":"","overlay-gradient":""},"tablet":{"background-color":"","background-image":"","background-repeat":"repeat","background-position":"center center","background-size":"auto","background-attachment":"scroll","background-type":"","background-media":"","overlay-type":"","overlay-color":"","overlay-opacity":"","overlay-gradient":""},"mobile":{"background-color":"","background-image":"","background-repeat":"repeat","background-position":"center center","background-size":"auto","background-attachment":"scroll","background-type":"","background-media":"","overlay-type":"","overlay-color":"","overlay-opacity":"","overlay-gradient":""}},"ast-content-background-meta":{"desktop":{"background-color":"var(--ast-global-color-5)","background-image":"","background-repeat":"repeat","background-position":"center center","background-size":"auto","background-attachment":"scroll","background-type":"","background-media":"","overlay-type":"","overlay-color":"","overlay-opacity":"","overlay-gradient":""},"tablet":{"background-color":"var(--ast-global-color-5)","background-image":"","background-repeat":"repeat","background-position":"center center","background-size":"auto","background-attachment":"scroll","background-type":"","background-media":"","overlay-type":"","overlay-color":"","overlay-opacity":"","overlay-gradient":""},"mobile":{"background-color":"var(--ast-global-color-5)","background-image":"","background-repeat":"repeat","background-position":"center center","background-size":"auto","background-attachment":"scroll","background-type":"","background-media":"","overlay-type":"","overlay-color":"","overlay-opacity":"","overlay-gradient":""}},"footnotes":""},"class_list":["post-46355","page","type-page","status-publish","hentry"],"acf":[],"_links":{"self":[{"href":"https:\/\/tzalash.org\/pt-br\/wp-json\/wp\/v2\/pages\/46355","targetHints":{"allow":["GET"]}}],"collection":[{"href":"https:\/\/tzalash.org\/pt-br\/wp-json\/wp\/v2\/pages"}],"about":[{"href":"https:\/\/tzalash.org\/pt-br\/wp-json\/wp\/v2\/types\/page"}],"author":[{"embeddable":true,"href":"https:\/\/tzalash.org\/pt-br\/wp-json\/wp\/v2\/users\/3"}],"replies":[{"embeddable":true,"href":"https:\/\/tzalash.org\/pt-br\/wp-json\/wp\/v2\/comments?post=46355"}],"version-history":[{"count":5,"href":"https:\/\/tzalash.org\/pt-br\/wp-json\/wp\/v2\/pages\/46355\/revisions"}],"predecessor-version":[{"id":47143,"href":"https:\/\/tzalash.org\/pt-br\/wp-json\/wp\/v2\/pages\/46355\/revisions\/47143"}],"wp:attachment":[{"href":"https:\/\/tzalash.org\/pt-br\/wp-json\/wp\/v2\/media?parent=46355"}],"curies":[{"name":"wp","href":"https:\/\/api.w.org\/{rel}","templated":true}]}}