{"id":41574,"date":"2023-02-26T09:43:34","date_gmt":"2023-02-26T09:43:34","guid":{"rendered":"https:\/\/tzalash.org\/nos-dirigeants\/nachshon-popovich\/"},"modified":"2024-12-22T12:30:30","modified_gmt":"2024-12-22T12:30:30","slug":"nachshon-popovich","status":"publish","type":"page","link":"https:\/\/tzalash.org\/fr\/nos-dirigeants\/nachshon-popovich\/","title":{"rendered":"Nachshon Popovich"},"content":{"rendered":"\t\t<div data-elementor-type=\"wp-page\" data-elementor-id=\"41574\" class=\"elementor elementor-41574 elementor-1775\" data-elementor-post-type=\"page\">\n\t\t\t\t\t\t<section class=\"elementor-section elementor-top-section elementor-element elementor-element-07f16da elementor-section-content-middle elementor-section-boxed elementor-section-height-default elementor-section-height-default\" data-id=\"07f16da\" data-element_type=\"section\" data-settings=\"{&quot;jet_parallax_layout_list&quot;:[]}\">\n\t\t\t\t\t\t<div class=\"elementor-container elementor-column-gap-default\">\n\t\t\t\t\t<div class=\"elementor-column elementor-col-50 elementor-top-column elementor-element elementor-element-e35bf46\" data-id=\"e35bf46\" data-element_type=\"column\">\n\t\t\t<div class=\"elementor-widget-wrap elementor-element-populated\">\n\t\t\t\t\t\t<div class=\"elementor-element elementor-element-9b1fdfc member-img elementor-widget elementor-widget-image\" data-id=\"9b1fdfc\" data-element_type=\"widget\" data-widget_type=\"image.default\">\n\t\t\t\t<div class=\"elementor-widget-container\">\n\t\t\t\t\t\t\t\t\t\t\t\t\t\t\t<img fetchpriority=\"high\" decoding=\"async\" width=\"1024\" height=\"896\" src=\"https:\/\/tzalash.org\/wp-content\/uploads\/2023\/02\/Nachshon-1-1-1024x896.jpg\" class=\"attachment-large size-large wp-image-2045\" alt=\"\" srcset=\"https:\/\/tzalash.org\/wp-content\/uploads\/2023\/02\/Nachshon-1-1-1024x896.jpg 1024w, https:\/\/tzalash.org\/wp-content\/uploads\/2023\/02\/Nachshon-1-1-999x874.jpg 999w, https:\/\/tzalash.org\/wp-content\/uploads\/2023\/02\/Nachshon-1-1-64x56.jpg 64w, https:\/\/tzalash.org\/wp-content\/uploads\/2023\/02\/Nachshon-1-1-300x262.jpg 300w, https:\/\/tzalash.org\/wp-content\/uploads\/2023\/02\/Nachshon-1-1-768x672.jpg 768w, https:\/\/tzalash.org\/wp-content\/uploads\/2023\/02\/Nachshon-1-1-1536x1343.jpg 1536w, https:\/\/tzalash.org\/wp-content\/uploads\/2023\/02\/Nachshon-1-1-2048x1791.jpg 2048w\" sizes=\"(max-width: 1024px) 100vw, 1024px\" \/>\t\t\t\t\t\t\t\t\t\t\t\t\t\t\t<\/div>\n\t\t\t\t<\/div>\n\t\t\t\t\t<\/div>\n\t\t<\/div>\n\t\t\t\t<div class=\"elementor-column elementor-col-50 elementor-top-column elementor-element elementor-element-a6084f9\" data-id=\"a6084f9\" data-element_type=\"column\">\n\t\t\t<div class=\"elementor-widget-wrap elementor-element-populated\">\n\t\t\t\t\t\t<div class=\"elementor-element elementor-element-5950c01 elementor-widget__width-initial elementor-widget elementor-widget-heading\" data-id=\"5950c01\" data-element_type=\"widget\" data-widget_type=\"heading.default\">\n\t\t\t\t<div class=\"elementor-widget-container\">\n\t\t\t\t\t<h1 class=\"elementor-heading-title elementor-size-default\">Nachshon Popovich\n<\/h1>\t\t\t\t<\/div>\n\t\t\t\t<\/div>\n\t\t\t\t<div class=\"elementor-element elementor-element-3d4bf93 elementor-widget elementor-widget-text-editor\" data-id=\"3d4bf93\" data-element_type=\"widget\" data-widget_type=\"text-editor.default\">\n\t\t\t\t<div class=\"elementor-widget-container\">\n\t\t\t\t\t\t\t\t\t<p>Directeur G\u00e9n\u00e9ral<\/p>\n\t\t\t\t\t\t\t\t<\/div>\n\t\t\t\t<\/div>\n\t\t\t\t<div class=\"elementor-element elementor-element-af9094d elementor-position-left elementor-mobile-position-left elementor-view-default elementor-widget elementor-widget-icon-box\" data-id=\"af9094d\" data-element_type=\"widget\" data-widget_type=\"icon-box.default\">\n\t\t\t\t<div class=\"elementor-widget-container\">\n\t\t\t\t\t\t\t<div class=\"elementor-icon-box-wrapper\">\n\n\t\t\t\t\t\t<div class=\"elementor-icon-box-icon\">\n\t\t\t\t<a href=\"tel:252-569-6143\" class=\"elementor-icon\" tabindex=\"-1\" aria-label=\"+972-542524247\">\n\t\t\t\t<svg xmlns=\"http:\/\/www.w3.org\/2000\/svg\" width=\"19\" height=\"19\" viewBox=\"0 0 19 19\" fill=\"none\"><path d=\"M15.8157 3.46133C14.1323 1.77383 11.8903 0.845703 9.5077 0.845703C4.58984 0.845703 0.588058 4.84749 0.588058 9.76535C0.588058 11.3363 0.99788 12.8711 1.77734 14.2252L0.511719 18.8457L5.24074 17.6042C6.54252 18.3153 8.00904 18.689 9.50368 18.689H9.5077C14.4215 18.689 18.5117 14.6872 18.5117 9.76936C18.5117 7.38678 17.4992 5.14883 15.8157 3.46133ZM9.5077 17.1863C8.17377 17.1863 6.86797 16.8287 5.73092 16.1537L5.46172 15.993L2.65725 16.7283L3.40458 13.9921L3.22779 13.7109C2.48449 12.5296 2.09475 11.1676 2.09475 9.76535C2.09475 5.67918 5.42154 2.3524 9.51172 2.3524C11.4925 2.3524 13.3528 3.12383 14.751 4.52606C16.1492 5.92829 17.009 7.78856 17.005 9.76936C17.005 13.8595 13.5939 17.1863 9.5077 17.1863ZM13.5738 11.6336C13.3528 11.5211 12.2559 10.9828 12.051 10.9104C11.8461 10.8341 11.6974 10.7979 11.5488 11.0229C11.4001 11.2479 10.9742 11.7461 10.8416 11.8988C10.7131 12.0475 10.5805 12.0676 10.3595 11.9551C9.04967 11.3002 8.18984 10.7859 7.326 9.30329C7.09699 8.90954 7.55502 8.93767 7.98092 8.08588C8.05324 7.93722 8.01708 7.80865 7.96083 7.69615C7.90458 7.58365 7.45859 6.48677 7.27377 6.04079C7.09297 5.60686 6.90815 5.66713 6.77154 5.6591C6.64297 5.65106 6.49431 5.65106 6.34565 5.65106C6.19699 5.65106 5.95591 5.70731 5.751 5.92829C5.54609 6.15329 4.97154 6.69169 4.97154 7.78856C4.97154 8.88544 5.77109 9.94615 5.87958 10.0948C5.99208 10.2435 7.45056 12.4935 9.6885 13.4618C11.1028 14.0725 11.6573 14.1247 12.3644 14.0203C12.7943 13.956 13.6823 13.4819 13.8671 12.9595C14.0519 12.4372 14.0519 11.9912 13.9956 11.8988C13.9434 11.7984 13.7948 11.7421 13.5738 11.6336Z\" fill=\"white\"><\/path><\/svg>\t\t\t\t<\/a>\n\t\t\t<\/div>\n\t\t\t\n\t\t\t\t\t\t<div class=\"elementor-icon-box-content\">\n\n\t\t\t\t\t\t\t\t\t<h3 class=\"elementor-icon-box-title\">\n\t\t\t\t\t\t<a href=\"tel:252-569-6143\" >\n\t\t\t\t\t\t\t+972-542524247\t\t\t\t\t\t<\/a>\n\t\t\t\t\t<\/h3>\n\t\t\t\t\n\t\t\t\t\n\t\t\t<\/div>\n\t\t\t\n\t\t<\/div>\n\t\t\t\t\t\t<\/div>\n\t\t\t\t<\/div>\n\t\t\t\t<div class=\"elementor-element elementor-element-29e8c66 learn-more-btn elementor-widget elementor-widget-button\" data-id=\"29e8c66\" data-element_type=\"widget\" data-widget_type=\"button.default\">\n\t\t\t\t<div class=\"elementor-widget-container\">\n\t\t\t\t\t\t\t\t\t<div class=\"elementor-button-wrapper\">\n\t\t\t\t\t<a class=\"elementor-button elementor-button-link elementor-size-sm\" href=\"https:\/\/tzalash.org\/fr\/contact\/\">\n\t\t\t\t\t\t<span class=\"elementor-button-content-wrapper\">\n\t\t\t\t\t\t\t\t\t<span class=\"elementor-button-text\">Envoyer un e-mail<\/span>\n\t\t\t\t\t<\/span>\n\t\t\t\t\t<\/a>\n\t\t\t\t<\/div>\n\t\t\t\t\t\t\t\t<\/div>\n\t\t\t\t<\/div>\n\t\t\t\t\t<\/div>\n\t\t<\/div>\n\t\t\t\t\t<\/div>\n\t\t<\/section>\n\t\t\t\t<section class=\"elementor-section elementor-top-section elementor-element elementor-element-cf44068 elementor-section-full_width scroll-sec elementor-hidden-mobile elementor-section-height-default elementor-section-height-default\" data-id=\"cf44068\" data-element_type=\"section\" data-settings=\"{&quot;jet_parallax_layout_list&quot;:[]}\">\n\t\t\t\t\t\t<div class=\"elementor-container elementor-column-gap-default\">\n\t\t\t\t\t<div class=\"elementor-column elementor-col-100 elementor-top-column elementor-element elementor-element-1735629\" data-id=\"1735629\" data-element_type=\"column\">\n\t\t\t<div class=\"elementor-widget-wrap elementor-element-populated\">\n\t\t\t\t\t\t<section class=\"elementor-section elementor-inner-section elementor-element elementor-element-9336fb1 scroll-row elementor-section-full_width elementor-section-height-default elementor-section-height-default\" data-id=\"9336fb1\" data-element_type=\"section\" data-settings=\"{&quot;jet_parallax_layout_list&quot;:[]}\">\n\t\t\t\t\t\t<div class=\"elementor-container elementor-column-gap-default\">\n\t\t\t\t\t<div class=\"elementor-column elementor-col-100 elementor-inner-column elementor-element elementor-element-d24db31\" data-id=\"d24db31\" data-element_type=\"column\">\n\t\t\t<div class=\"elementor-widget-wrap elementor-element-populated\">\n\t\t\t\t\t\t<div class=\"elementor-element elementor-element-5778ab8 scrrol-text e-transform elementor-widget elementor-widget-text-editor\" data-id=\"5778ab8\" data-element_type=\"widget\" data-settings=\"{&quot;_transform_rotateZ_effect&quot;:{&quot;unit&quot;:&quot;px&quot;,&quot;size&quot;:-90,&quot;sizes&quot;:[]},&quot;_transform_rotateZ_effect_tablet&quot;:{&quot;unit&quot;:&quot;deg&quot;,&quot;size&quot;:&quot;&quot;,&quot;sizes&quot;:[]},&quot;_transform_rotateZ_effect_mobile&quot;:{&quot;unit&quot;:&quot;deg&quot;,&quot;size&quot;:&quot;&quot;,&quot;sizes&quot;:[]}}\" data-widget_type=\"text-editor.default\">\n\t\t\t\t<div class=\"elementor-widget-container\">\n\t\t\t\t\t\t\t\t\t<p><a href=\"#next\">Parchemin<\/a><\/p>\n\t\t\t\t\t\t\t\t<\/div>\n\t\t\t\t<\/div>\n\t\t\t\t<div class=\"elementor-element elementor-element-986475d elementor-widget elementor-widget-image\" data-id=\"986475d\" data-element_type=\"widget\" data-widget_type=\"image.default\">\n\t\t\t\t<div class=\"elementor-widget-container\">\n\t\t\t\t\t\t\t\t\t\t\t\t\t\t\t\t<a href=\"#next\">\n\t\t\t\t\t\t\t<img decoding=\"async\" width=\"3\" height=\"145\" src=\"https:\/\/tzalash.org\/wp-content\/uploads\/2023\/02\/scroll-line.png\" class=\"attachment-large size-large wp-image-625\" alt=\"\" \/>\t\t\t\t\t\t\t\t<\/a>\n\t\t\t\t\t\t\t\t\t\t\t\t\t\t\t<\/div>\n\t\t\t\t<\/div>\n\t\t\t\t\t<\/div>\n\t\t<\/div>\n\t\t\t\t\t<\/div>\n\t\t<\/section>\n\t\t\t\t\t<\/div>\n\t\t<\/div>\n\t\t\t\t\t<\/div>\n\t\t<\/section>\n\t\t\t\t<section class=\"elementor-section elementor-top-section elementor-element elementor-element-474e888 elementor-section-boxed elementor-section-height-default elementor-section-height-default\" data-id=\"474e888\" data-element_type=\"section\" id=\"next\" data-settings=\"{&quot;jet_parallax_layout_list&quot;:[]}\">\n\t\t\t\t\t\t<div class=\"elementor-container elementor-column-gap-default\">\n\t\t\t\t\t<div class=\"elementor-column elementor-col-100 elementor-top-column elementor-element elementor-element-1de8a49\" data-id=\"1de8a49\" data-element_type=\"column\">\n\t\t\t<div class=\"elementor-widget-wrap elementor-element-populated\">\n\t\t\t\t\t\t<div class=\"elementor-element elementor-element-98f870b elementor-widget elementor-widget-text-editor\" data-id=\"98f870b\" data-element_type=\"widget\" data-widget_type=\"text-editor.default\">\n\t\t\t\t<div class=\"elementor-widget-container\">\n\t\t\t\t\t\t\t\t\t<p><span style=\"font-weight: 400;\">Nachshon Popovich a rejoint Tzalash en 2022 en tant que directeur g\u00e9n\u00e9ral. Il apporte \u00e0 Tzalash une carri\u00e8re militaire distingu\u00e9e et d\u00e9cor\u00e9e de six ans. Apr\u00e8s son enr\u00f4lement dans la l\u00e9gendaire brigade des parachutistes (Tzanchanim), il est devenu officier, assumant divers r\u00f4les de responsabilit\u00e9 croissante, atteignant finalement le grade de capitaine.&nbsp;<\/span><\/p>\n<p><span style=\"font-weight: 400;\">Nachshon a d\u00e9couvert Tzalash et le Rav Peretz \u2013 comme tant d&#8217;autres soldats \u2013 lors d&#8217;un programme d&#8217;\u00e9tude de Tzalash. La puissance de cette exp\u00e9rience initiale l&#8217;a tellement inspir\u00e9 que, devenu officier, il a organis\u00e9 des visites r\u00e9guli\u00e8res de Tzalash pour ses soldats. En tant que couple mari\u00e9, Nachshon et son \u00e9pouse ont \u00e9galement \u00e9t\u00e9 tr\u00e8s impliqu\u00e9s dans le programme Eishet Chayil de Tzalash, en b\u00e9n\u00e9ficiant de ses avantages.<\/span><\/p>\n<p><span style=\"font-weight: 400;\">Compte tenu de son exp\u00e9rience militaire \u00e9tendue et de sa profonde reconnaissance envers Tzalash, il \u00e9tait naturel qu&#8217;il rejoigne l&#8217;\u00e9quipe de Tzalash apr\u00e8s sa d\u00e9mobilisation. Leader n\u00e9 \u2013 que ce soit sur le champ de bataille ou au bureau \u2013 Nachshon est reconnaissant que son r\u00f4le chez Tzalash lui offre l&#8217;opportunit\u00e9 de redonner \u00e0 une organisation qui a tant compt\u00e9 pour lui.&nbsp;<\/span><\/p>\n<p><span style=\"font-weight: 400;\">Nachshon et son \u00e9pouse Geula vivent \u00e0 Eli avec leurs trois enfants.<\/span><\/p>\t\t\t\t\t\t\t\t<\/div>\n\t\t\t\t<\/div>\n\t\t\t\t\t<\/div>\n\t\t<\/div>\n\t\t\t\t\t<\/div>\n\t\t<\/section>\n\t\t\t\t<section class=\"elementor-section elementor-top-section elementor-element elementor-element-cd9ac5c elementor-section-full_width elementor-section-height-default elementor-section-height-default\" data-id=\"cd9ac5c\" data-element_type=\"section\" data-settings=\"{&quot;jet_parallax_layout_list&quot;:[]}\">\n\t\t\t\t\t\t<div class=\"elementor-container elementor-column-gap-default\">\n\t\t\t\t\t<div class=\"elementor-column elementor-col-33 elementor-top-column elementor-element elementor-element-1f1bdbc left-col-for-shadow\" data-id=\"1f1bdbc\" data-element_type=\"column\" data-settings=\"{&quot;background_background&quot;:&quot;classic&quot;}\">\n\t\t\t<div class=\"elementor-widget-wrap elementor-element-populated\">\n\t\t\t\t\t\t\t<\/div>\n\t\t<\/div>\n\t\t\t\t<div class=\"elementor-column elementor-col-33 elementor-top-column elementor-element elementor-element-2c8620c\" data-id=\"2c8620c\" data-element_type=\"column\">\n\t\t\t<div class=\"elementor-widget-wrap elementor-element-populated\">\n\t\t\t\t\t\t<div class=\"elementor-element elementor-element-6575e9e elementor-widget elementor-widget-heading\" data-id=\"6575e9e\" data-element_type=\"widget\" data-widget_type=\"heading.default\">\n\t\t\t\t<div class=\"elementor-widget-container\">\n\t\t\t\t\t<h1 class=\"elementor-heading-title elementor-size-default\">Renforcer et inspirer les soldats o\u00f9 qu'ils soient.<\/h1>\t\t\t\t<\/div>\n\t\t\t\t<\/div>\n\t\t\t\t<div class=\"elementor-element elementor-element-7e02384 elementor-align-center elementor-widget elementor-widget-button\" data-id=\"7e02384\" data-element_type=\"widget\" data-widget_type=\"button.default\">\n\t\t\t\t<div class=\"elementor-widget-container\">\n\t\t\t\t\t\t\t\t\t<div class=\"elementor-button-wrapper\">\n\t\t\t\t\t<a class=\"elementor-button elementor-button-link elementor-size-sm\" href=\"https:\/\/tzalash.org\/donation\/\">\n\t\t\t\t\t\t<span class=\"elementor-button-content-wrapper\">\n\t\t\t\t\t\t\t\t\t<span class=\"elementor-button-text\">Faites un don<\/span>\n\t\t\t\t\t<\/span>\n\t\t\t\t\t<\/a>\n\t\t\t\t<\/div>\n\t\t\t\t\t\t\t\t<\/div>\n\t\t\t\t<\/div>\n\t\t\t\t\t<\/div>\n\t\t<\/div>\n\t\t\t\t<div class=\"elementor-column elementor-col-33 elementor-top-column elementor-element elementor-element-2b1c35f right-col-for-shadow\" data-id=\"2b1c35f\" data-element_type=\"column\" data-settings=\"{&quot;background_background&quot;:&quot;classic&quot;}\">\n\t\t\t<div class=\"elementor-widget-wrap elementor-element-populated\">\n\t\t\t\t\t\t\t<\/div>\n\t\t<\/div>\n\t\t\t\t\t<\/div>\n\t\t<\/section>\n\t\t\t\t<\/div>\n\t\t","protected":false},"excerpt":{"rendered":"<p>Nachshon Popovich Directeur G\u00e9n\u00e9ral +972-542524247 Envoyer un e-mail Parchemin Nachshon Popovich a rejoint Tzalash en 2022 en tant que directeur g\u00e9n\u00e9ral. Il apporte \u00e0 Tzalash une carri\u00e8re militaire distingu\u00e9e et d\u00e9cor\u00e9e de six ans. Apr\u00e8s son enr\u00f4lement dans la l\u00e9gendaire brigade des parachutistes (Tzanchanim), il est devenu officier, assumant divers r\u00f4les de responsabilit\u00e9 croissante, atteignant [&hellip;]<\/p>\n","protected":false},"author":2,"featured_media":0,"parent":41410,"menu_order":0,"comment_status":"closed","ping_status":"closed","template":"","meta":{"_acf_changed":false,"site-sidebar-layout":"no-sidebar","site-content-layout":"page-builder","ast-site-content-layout":"","site-content-style":"default","site-sidebar-style":"default","ast-global-header-display":"disabled","ast-banner-title-visibility":"","ast-main-header-display":"","ast-hfb-above-header-display":"","ast-hfb-below-header-display":"","ast-hfb-mobile-header-display":"","site-post-title":"disabled","ast-breadcrumbs-content":"","ast-featured-img":"disabled","footer-sml-layout":"disabled","theme-transparent-header-meta":"","adv-header-id-meta":"","stick-header-meta":"","header-above-stick-meta":"","header-main-stick-meta":"","header-below-stick-meta":"","astra-migrate-meta-layouts":"default","ast-page-background-enabled":"default","ast-page-background-meta":{"desktop":{"background-color":"","background-image":"","background-repeat":"repeat","background-position":"center center","background-size":"auto","background-attachment":"scroll","background-type":"","background-media":"","overlay-type":"","overlay-color":"","overlay-opacity":"","overlay-gradient":""},"tablet":{"background-color":"","background-image":"","background-repeat":"repeat","background-position":"center center","background-size":"auto","background-attachment":"scroll","background-type":"","background-media":"","overlay-type":"","overlay-color":"","overlay-opacity":"","overlay-gradient":""},"mobile":{"background-color":"","background-image":"","background-repeat":"repeat","background-position":"center center","background-size":"auto","background-attachment":"scroll","background-type":"","background-media":"","overlay-type":"","overlay-color":"","overlay-opacity":"","overlay-gradient":""}},"ast-content-background-meta":{"desktop":{"background-color":"var(--ast-global-color-5)","background-image":"","background-repeat":"repeat","background-position":"center center","background-size":"auto","background-attachment":"scroll","background-type":"","background-media":"","overlay-type":"","overlay-color":"","overlay-opacity":"","overlay-gradient":""},"tablet":{"background-color":"var(--ast-global-color-5)","background-image":"","background-repeat":"repeat","background-position":"center center","background-size":"auto","background-attachment":"scroll","background-type":"","background-media":"","overlay-type":"","overlay-color":"","overlay-opacity":"","overlay-gradient":""},"mobile":{"background-color":"var(--ast-global-color-5)","background-image":"","background-repeat":"repeat","background-position":"center center","background-size":"auto","background-attachment":"scroll","background-type":"","background-media":"","overlay-type":"","overlay-color":"","overlay-opacity":"","overlay-gradient":""}},"footnotes":""},"class_list":["post-41574","page","type-page","status-publish","hentry"],"acf":[],"_links":{"self":[{"href":"https:\/\/tzalash.org\/fr\/wp-json\/wp\/v2\/pages\/41574","targetHints":{"allow":["GET"]}}],"collection":[{"href":"https:\/\/tzalash.org\/fr\/wp-json\/wp\/v2\/pages"}],"about":[{"href":"https:\/\/tzalash.org\/fr\/wp-json\/wp\/v2\/types\/page"}],"author":[{"embeddable":true,"href":"https:\/\/tzalash.org\/fr\/wp-json\/wp\/v2\/users\/2"}],"replies":[{"embeddable":true,"href":"https:\/\/tzalash.org\/fr\/wp-json\/wp\/v2\/comments?post=41574"}],"version-history":[{"count":1,"href":"https:\/\/tzalash.org\/fr\/wp-json\/wp\/v2\/pages\/41574\/revisions"}],"predecessor-version":[{"id":41575,"href":"https:\/\/tzalash.org\/fr\/wp-json\/wp\/v2\/pages\/41574\/revisions\/41575"}],"up":[{"embeddable":true,"href":"https:\/\/tzalash.org\/fr\/wp-json\/wp\/v2\/pages\/41410"}],"wp:attachment":[{"href":"https:\/\/tzalash.org\/fr\/wp-json\/wp\/v2\/media?parent=41574"}],"curies":[{"name":"wp","href":"https:\/\/api.w.org\/{rel}","templated":true}]}}