{"id":41389,"date":"2023-03-30T10:05:54","date_gmt":"2023-03-30T10:05:54","guid":{"rendered":"https:\/\/tzalash.org\/tzalash-avant-dentrer-a-larmee\/"},"modified":"2024-12-22T13:13:30","modified_gmt":"2024-12-22T13:13:30","slug":"tzalash-avant-dentrer-a-larmee","status":"publish","type":"page","link":"https:\/\/tzalash.org\/fr\/tzalash-avant-dentrer-a-larmee\/","title":{"rendered":"Tzalash: Avant d\u2019entrer \u00e0 l\u2019arm\u00e9e"},"content":{"rendered":"\t\t<div data-elementor-type=\"wp-page\" data-elementor-id=\"41389\" class=\"elementor elementor-41389 elementor-4223\" data-elementor-post-type=\"page\">\n\t\t\t\t\t\t<section class=\"elementor-section elementor-top-section elementor-element elementor-element-fccebce hero-section elementor-section-boxed elementor-section-height-default elementor-section-height-default\" data-id=\"fccebce\" data-element_type=\"section\" data-settings=\"{&quot;background_background&quot;:&quot;classic&quot;,&quot;jet_parallax_layout_list&quot;:[]}\">\n\t\t\t\t\t\t\t<div class=\"elementor-background-overlay\"><\/div>\n\t\t\t\t\t\t\t<div class=\"elementor-container elementor-column-gap-default\">\n\t\t\t\t\t<div class=\"elementor-column elementor-col-100 elementor-top-column elementor-element elementor-element-e07f780\" data-id=\"e07f780\" data-element_type=\"column\">\n\t\t\t<div class=\"elementor-widget-wrap elementor-element-populated\">\n\t\t\t\t\t\t<div class=\"elementor-element elementor-element-2e7c406 elementor-widget elementor-widget-text-editor\" data-id=\"2e7c406\" data-element_type=\"widget\" data-widget_type=\"text-editor.default\">\n\t\t\t\t<div class=\"elementor-widget-container\">\n\t\t\t\t\t\t\t\t\t<p>Tzalash: Avant d\u2019entrer \u00e0 l\u2019arm\u00e9e<\/p>\n\t\t\t\t\t\t\t\t<\/div>\n\t\t\t\t<\/div>\n\t\t\t\t<div class=\"elementor-element elementor-element-ab865cc elementor-widget__width-initial elementor-widget elementor-widget-heading\" data-id=\"ab865cc\" data-element_type=\"widget\" data-widget_type=\"heading.default\">\n\t\t\t\t<div class=\"elementor-widget-container\">\n\t\t\t\t\t<h1 class=\"elementor-heading-title elementor-size-default\">Tzalash organise des programmes d'\u00e9ducation extra-scolaire pour les \u00e9l\u00e8ves de 1\u00e8re et de Terminale <\/h1>\t\t\t\t<\/div>\n\t\t\t\t<\/div>\n\t\t\t\t\t<\/div>\n\t\t<\/div>\n\t\t\t\t\t<\/div>\n\t\t<\/section>\n\t\t\t\t<section class=\"elementor-section elementor-top-section elementor-element elementor-element-eeb9550 elementor-section-boxed elementor-section-height-default elementor-section-height-default\" data-id=\"eeb9550\" data-element_type=\"section\" data-settings=\"{&quot;background_background&quot;:&quot;classic&quot;,&quot;jet_parallax_layout_list&quot;:[]}\">\n\t\t\t\t\t\t<div class=\"elementor-container elementor-column-gap-default\">\n\t\t\t\t\t<div class=\"elementor-column elementor-col-50 elementor-top-column elementor-element elementor-element-6efd482\" data-id=\"6efd482\" data-element_type=\"column\">\n\t\t\t<div class=\"elementor-widget-wrap elementor-element-populated\">\n\t\t\t\t\t\t<div class=\"elementor-element elementor-element-ceadf09 elementor-hidden-desktop elementor-widget elementor-widget-image\" data-id=\"ceadf09\" data-element_type=\"widget\" data-widget_type=\"image.default\">\n\t\t\t\t<div class=\"elementor-widget-container\">\n\t\t\t\t\t\t\t\t\t\t\t\t\t\t\t<img fetchpriority=\"high\" decoding=\"async\" width=\"701\" height=\"406\" src=\"https:\/\/tzalash.org\/wp-content\/uploads\/2023\/03\/pre-army-1.png\" class=\"attachment-large size-large wp-image-4258\" alt=\"\" srcset=\"https:\/\/tzalash.org\/wp-content\/uploads\/2023\/03\/pre-army-1.png 701w, https:\/\/tzalash.org\/wp-content\/uploads\/2023\/03\/pre-army-1-64x37.png 64w, https:\/\/tzalash.org\/wp-content\/uploads\/2023\/03\/pre-army-1-600x348.png 600w, https:\/\/tzalash.org\/wp-content\/uploads\/2023\/03\/pre-army-1-300x174.png 300w\" sizes=\"(max-width: 701px) 100vw, 701px\" \/>\t\t\t\t\t\t\t\t\t\t\t\t\t\t\t<\/div>\n\t\t\t\t<\/div>\n\t\t\t\t<div class=\"elementor-element elementor-element-0c03a75 impact-text elementor-widget elementor-widget-text-editor\" data-id=\"0c03a75\" data-element_type=\"widget\" data-widget_type=\"text-editor.default\">\n\t\t\t\t<div class=\"elementor-widget-container\">\n\t\t\t\t\t\t\t\t\t<p>Fort de l&#8217;exp\u00e9rience et de l&#8217;expertise acquises au cours de ses dix ann\u00e9es de travail avec les soldats, Tzalash s&#8217;est lanc\u00e9 dans une nouvelle initiative d&#8217;\u00e9ducation extra-scolaire destin\u00e9e aux adolescents. Ce programme pilote, qui se d\u00e9roule actuellement \u00e0 Ra&#8217;anana, a pour but de sensibiliser ces jeunes qui n&#8221;ont pas encore d\u00e9cid\u00e9 du type de service qu&#8217;ils souhaitent effectuer. Les points forts du programme comprennent des cours de Torah hebdomadaires, des feux de camps dans une ambiance sympathique et des minyanim de jeunes. Environ 200 jeunes b\u00e9n\u00e9ficient actuellement de ce programme et nous avons l&#8217;intention de l&#8217;\u00e9tendre \u00e0 d&#8217;autres villes dans un avenir proche.    <\/p>\n\t\t\t\t\t\t\t\t<\/div>\n\t\t\t\t<\/div>\n\t\t\t\t\t<\/div>\n\t\t<\/div>\n\t\t\t\t<div class=\"elementor-column elementor-col-50 elementor-top-column elementor-element elementor-element-ea73845 elementor-hidden-tablet elementor-hidden-mobile\" data-id=\"ea73845\" data-element_type=\"column\">\n\t\t\t<div class=\"elementor-widget-wrap elementor-element-populated\">\n\t\t\t\t\t\t<div class=\"elementor-element elementor-element-4b665f5 elementor-widget elementor-widget-image\" data-id=\"4b665f5\" data-element_type=\"widget\" data-widget_type=\"image.default\">\n\t\t\t\t<div class=\"elementor-widget-container\">\n\t\t\t\t\t\t\t\t\t\t\t\t\t\t\t<img fetchpriority=\"high\" decoding=\"async\" width=\"701\" height=\"406\" src=\"https:\/\/tzalash.org\/wp-content\/uploads\/2023\/03\/pre-army-1.png\" class=\"attachment-large size-large wp-image-4258\" alt=\"\" srcset=\"https:\/\/tzalash.org\/wp-content\/uploads\/2023\/03\/pre-army-1.png 701w, https:\/\/tzalash.org\/wp-content\/uploads\/2023\/03\/pre-army-1-64x37.png 64w, https:\/\/tzalash.org\/wp-content\/uploads\/2023\/03\/pre-army-1-600x348.png 600w, https:\/\/tzalash.org\/wp-content\/uploads\/2023\/03\/pre-army-1-300x174.png 300w\" sizes=\"(max-width: 701px) 100vw, 701px\" \/>\t\t\t\t\t\t\t\t\t\t\t\t\t\t\t<\/div>\n\t\t\t\t<\/div>\n\t\t\t\t\t<\/div>\n\t\t<\/div>\n\t\t\t\t\t<\/div>\n\t\t<\/section>\n\t\t\t\t<section class=\"elementor-section elementor-top-section elementor-element elementor-element-cfde650 linear-background-green-2 elementor-section-boxed elementor-section-height-default elementor-section-height-default\" data-id=\"cfde650\" data-element_type=\"section\" data-settings=\"{&quot;background_background&quot;:&quot;classic&quot;,&quot;jet_parallax_layout_list&quot;:[]}\">\n\t\t\t\t\t\t\t<div class=\"elementor-background-overlay\"><\/div>\n\t\t\t\t\t\t\t<div class=\"elementor-container elementor-column-gap-default\">\n\t\t\t\t\t<div class=\"elementor-column elementor-col-100 elementor-top-column elementor-element elementor-element-8540e3b\" data-id=\"8540e3b\" data-element_type=\"column\">\n\t\t\t<div class=\"elementor-widget-wrap elementor-element-populated\">\n\t\t\t\t\t\t<section class=\"elementor-section elementor-inner-section elementor-element elementor-element-bff33fe elementor-section-full_width elementor-section-height-default elementor-section-height-default\" data-id=\"bff33fe\" data-element_type=\"section\" data-settings=\"{&quot;background_background&quot;:&quot;classic&quot;,&quot;jet_parallax_layout_list&quot;:[]}\">\n\t\t\t\t\t\t<div class=\"elementor-container elementor-column-gap-default\">\n\t\t\t\t\t<div class=\"elementor-column elementor-col-100 elementor-inner-column elementor-element elementor-element-0b23de6\" data-id=\"0b23de6\" data-element_type=\"column\">\n\t\t\t<div class=\"elementor-widget-wrap elementor-element-populated\">\n\t\t\t\t\t\t<div class=\"elementor-element elementor-element-701dfb8 elementor-absolute elementor-hidden-mobile elementor-widget elementor-widget-image\" data-id=\"701dfb8\" data-element_type=\"widget\" data-settings=\"{&quot;_position&quot;:&quot;absolute&quot;}\" data-widget_type=\"image.default\">\n\t\t\t\t<div class=\"elementor-widget-container\">\n\t\t\t\t\t\t\t\t\t\t\t\t\t\t\t<img decoding=\"async\" width=\"117\" height=\"118\" src=\"https:\/\/tzalash.org\/wp-content\/uploads\/2023\/03\/quote.png\" class=\"attachment-large size-large wp-image-3642\" alt=\"\" srcset=\"https:\/\/tzalash.org\/wp-content\/uploads\/2023\/03\/quote.png 117w, https:\/\/tzalash.org\/wp-content\/uploads\/2023\/03\/quote-100x100.png 100w, https:\/\/tzalash.org\/wp-content\/uploads\/2023\/03\/quote-64x65.png 64w\" sizes=\"(max-width: 117px) 100vw, 117px\" \/>\t\t\t\t\t\t\t\t\t\t\t\t\t\t\t<\/div>\n\t\t\t\t<\/div>\n\t\t\t\t<div class=\"elementor-element elementor-element-8402294 elementor-hidden-desktop elementor-hidden-tablet elementor-widget elementor-widget-image\" data-id=\"8402294\" data-element_type=\"widget\" data-widget_type=\"image.default\">\n\t\t\t\t<div class=\"elementor-widget-container\">\n\t\t\t\t\t\t\t\t\t\t\t\t\t\t\t<img decoding=\"async\" width=\"117\" height=\"118\" src=\"https:\/\/tzalash.org\/wp-content\/uploads\/2023\/03\/quote.png\" class=\"attachment-large size-large wp-image-3642\" alt=\"\" srcset=\"https:\/\/tzalash.org\/wp-content\/uploads\/2023\/03\/quote.png 117w, https:\/\/tzalash.org\/wp-content\/uploads\/2023\/03\/quote-100x100.png 100w, https:\/\/tzalash.org\/wp-content\/uploads\/2023\/03\/quote-64x65.png 64w\" sizes=\"(max-width: 117px) 100vw, 117px\" \/>\t\t\t\t\t\t\t\t\t\t\t\t\t\t\t<\/div>\n\t\t\t\t<\/div>\n\t\t\t\t<div class=\"elementor-element elementor-element-90836e8 impact-text elementor-widget elementor-widget-text-editor\" data-id=\"90836e8\" data-element_type=\"widget\" data-widget_type=\"text-editor.default\">\n\t\t\t\t<div class=\"elementor-widget-container\">\n\t\t\t\t\t\t\t\t\t<p>Mon fils participe aux programmes de Tzalash et ils l&#8217;ont influenc\u00e9 plus que tout autre chose! <span style=\"color: rgba(255, 255, 255, 0.7) !important;\">Le rav Peretz est peut-\u00eatre la personne la plus heureuse que mon fils n\u2019ait jamais rencontr\u00e9e et lorsqu&#8217;il voit cette simha, cela l&#8217;incite \u00e0 vouloir \u00e9tudier la Torah et \u00e0 se rapprocher davantage de son juda\u00efsme.<\/span><\/p>\n<p>Rina <span style=\"color: #eab53e !important;\">\/\/<\/span> <span style=\"color: rgba(255, 255, 255, 0.7) !important;\">m\u00e8re d\u2019Eitan<\/span><\/p>\n\t\t\t\t\t\t\t\t<\/div>\n\t\t\t\t<\/div>\n\t\t\t\t\t<\/div>\n\t\t<\/div>\n\t\t\t\t\t<\/div>\n\t\t<\/section>\n\t\t\t\t<section class=\"elementor-section elementor-inner-section elementor-element elementor-element-b680a95 elementor-section-full_width elementor-section-height-default elementor-section-height-default\" data-id=\"b680a95\" data-element_type=\"section\" data-settings=\"{&quot;background_background&quot;:&quot;classic&quot;,&quot;jet_parallax_layout_list&quot;:[]}\">\n\t\t\t\t\t\t<div class=\"elementor-container elementor-column-gap-default\">\n\t\t\t\t\t<div class=\"elementor-column elementor-col-100 elementor-inner-column elementor-element elementor-element-bc17797\" data-id=\"bc17797\" data-element_type=\"column\">\n\t\t\t<div class=\"elementor-widget-wrap elementor-element-populated\">\n\t\t\t\t\t\t<div class=\"elementor-element elementor-element-6051f0d elementor-absolute elementor-hidden-mobile elementor-widget elementor-widget-image\" data-id=\"6051f0d\" data-element_type=\"widget\" data-settings=\"{&quot;_position&quot;:&quot;absolute&quot;}\" data-widget_type=\"image.default\">\n\t\t\t\t<div class=\"elementor-widget-container\">\n\t\t\t\t\t\t\t\t\t\t\t\t\t\t\t<img decoding=\"async\" width=\"117\" height=\"118\" src=\"https:\/\/tzalash.org\/wp-content\/uploads\/2023\/03\/quote.png\" class=\"attachment-large size-large wp-image-3642\" alt=\"\" srcset=\"https:\/\/tzalash.org\/wp-content\/uploads\/2023\/03\/quote.png 117w, https:\/\/tzalash.org\/wp-content\/uploads\/2023\/03\/quote-100x100.png 100w, https:\/\/tzalash.org\/wp-content\/uploads\/2023\/03\/quote-64x65.png 64w\" sizes=\"(max-width: 117px) 100vw, 117px\" \/>\t\t\t\t\t\t\t\t\t\t\t\t\t\t\t<\/div>\n\t\t\t\t<\/div>\n\t\t\t\t<div class=\"elementor-element elementor-element-260e8ff elementor-hidden-desktop elementor-hidden-tablet elementor-widget elementor-widget-image\" data-id=\"260e8ff\" data-element_type=\"widget\" data-widget_type=\"image.default\">\n\t\t\t\t<div class=\"elementor-widget-container\">\n\t\t\t\t\t\t\t\t\t\t\t\t\t\t\t<img decoding=\"async\" width=\"117\" height=\"118\" src=\"https:\/\/tzalash.org\/wp-content\/uploads\/2023\/03\/quote.png\" class=\"attachment-large size-large wp-image-3642\" alt=\"\" srcset=\"https:\/\/tzalash.org\/wp-content\/uploads\/2023\/03\/quote.png 117w, https:\/\/tzalash.org\/wp-content\/uploads\/2023\/03\/quote-100x100.png 100w, https:\/\/tzalash.org\/wp-content\/uploads\/2023\/03\/quote-64x65.png 64w\" sizes=\"(max-width: 117px) 100vw, 117px\" \/>\t\t\t\t\t\t\t\t\t\t\t\t\t\t\t<\/div>\n\t\t\t\t<\/div>\n\t\t\t\t<div class=\"elementor-element elementor-element-a3f101c impact-text elementor-widget__width-initial elementor-widget-tablet__width-inherit elementor-widget elementor-widget-text-editor\" data-id=\"a3f101c\" data-element_type=\"widget\" data-widget_type=\"text-editor.default\">\n\t\t\t\t<div class=\"elementor-widget-container\">\n\t\t\t\t\t\t\t\t\t<span style=\"color: rgba(255, 255, 255, 0.7) !important;\">Les quelques ann\u00e9es avant l&#8217;arm\u00e9e sont d\u00e9terminantes pour \u00e9tablir de solides fondations afin d&#8217;\u00eatre enti\u00e8rement d\u00e9vou\u00e9 au juda\u00efsme et au peuple juif et acqu\u00e9rir l\u2019esprit de sacrifice.<\/span> Le programme Tzalash permet \u00e0 mon fils et \u00e0 ses amis d&#8217;acqu\u00e9rir ces valeurs!<br><br><br>Dani <span style=\"color: #eab53e !important;\">\/\/<\/span> <span style=\"color: rgba(255, 255, 255, 0.7) !important;\">p\u00e8re de Benjie<\/span>\t\t\t\t\t\t\t\t<\/div>\n\t\t\t\t<\/div>\n\t\t\t\t\t<\/div>\n\t\t<\/div>\n\t\t\t\t\t<\/div>\n\t\t<\/section>\n\t\t\t\t\t<\/div>\n\t\t<\/div>\n\t\t\t\t\t<\/div>\n\t\t<\/section>\n\t\t\t\t<section class=\"elementor-section elementor-top-section elementor-element elementor-element-9a9a342 elementor-section-full_width elementor-section-height-default elementor-section-height-default\" data-id=\"9a9a342\" data-element_type=\"section\" data-settings=\"{&quot;background_background&quot;:&quot;classic&quot;,&quot;jet_parallax_layout_list&quot;:[]}\">\n\t\t\t\t\t\t<div class=\"elementor-container elementor-column-gap-default\">\n\t\t\t\t\t<div class=\"elementor-column elementor-col-33 elementor-top-column elementor-element elementor-element-41bf336 left-col-for-shadow\" data-id=\"41bf336\" data-element_type=\"column\" data-settings=\"{&quot;background_background&quot;:&quot;classic&quot;}\">\n\t\t\t<div class=\"elementor-widget-wrap elementor-element-populated\">\n\t\t\t\t\t\t\t<\/div>\n\t\t<\/div>\n\t\t\t\t<div class=\"elementor-column elementor-col-33 elementor-top-column elementor-element elementor-element-da9e725\" data-id=\"da9e725\" data-element_type=\"column\">\n\t\t\t<div class=\"elementor-widget-wrap elementor-element-populated\">\n\t\t\t\t\t\t<div class=\"elementor-element elementor-element-c949654 elementor-widget__width-initial tzalash elementor-widget elementor-widget-heading\" data-id=\"c949654\" data-element_type=\"widget\" data-widget_type=\"heading.default\">\n\t\t\t\t<div class=\"elementor-widget-container\">\n\t\t\t\t\t<h1 class=\"elementor-heading-title elementor-size-default\">Encourager et inspirer les soldats, o\u00f9 qu\u2019ils soient<\/h1>\t\t\t\t<\/div>\n\t\t\t\t<\/div>\n\t\t\t\t<div class=\"elementor-element elementor-element-f45c1bc elementor-align-center elementor-widget elementor-widget-button\" data-id=\"f45c1bc\" data-element_type=\"widget\" data-widget_type=\"button.default\">\n\t\t\t\t<div class=\"elementor-widget-container\">\n\t\t\t\t\t\t\t\t\t<div class=\"elementor-button-wrapper\">\n\t\t\t\t\t<a class=\"elementor-button elementor-button-link elementor-size-sm\" href=\"https:\/\/tzalash.org\/donation\/\">\n\t\t\t\t\t\t<span class=\"elementor-button-content-wrapper\">\n\t\t\t\t\t\t\t\t\t<span class=\"elementor-button-text\">Faire un don<\/span>\n\t\t\t\t\t<\/span>\n\t\t\t\t\t<\/a>\n\t\t\t\t<\/div>\n\t\t\t\t\t\t\t\t<\/div>\n\t\t\t\t<\/div>\n\t\t\t\t\t<\/div>\n\t\t<\/div>\n\t\t\t\t<div class=\"elementor-column elementor-col-33 elementor-top-column elementor-element elementor-element-a103333 right-col-for-shadow\" data-id=\"a103333\" data-element_type=\"column\" data-settings=\"{&quot;background_background&quot;:&quot;classic&quot;}\">\n\t\t\t<div class=\"elementor-widget-wrap elementor-element-populated\">\n\t\t\t\t\t\t\t<\/div>\n\t\t<\/div>\n\t\t\t\t\t<\/div>\n\t\t<\/section>\n\t\t\t\t<\/div>\n\t\t","protected":false},"excerpt":{"rendered":"<p>Tzalash: Avant d\u2019entrer \u00e0 l\u2019arm\u00e9e Tzalash organise des programmes d&#8217;\u00e9ducation extra-scolaire pour les \u00e9l\u00e8ves de 1\u00e8re et de Terminale Fort de l&#8217;exp\u00e9rience et de l&#8217;expertise acquises au cours de ses dix ann\u00e9es de travail avec les soldats, Tzalash s&#8217;est lanc\u00e9 dans une nouvelle initiative d&#8217;\u00e9ducation extra-scolaire destin\u00e9e aux adolescents. Ce programme pilote, qui se d\u00e9roule [&hellip;]<\/p>\n","protected":false},"author":3,"featured_media":0,"parent":0,"menu_order":0,"comment_status":"closed","ping_status":"closed","template":"","meta":{"_acf_changed":false,"site-sidebar-layout":"no-sidebar","site-content-layout":"page-builder","ast-site-content-layout":"","site-content-style":"default","site-sidebar-style":"default","ast-global-header-display":"","ast-banner-title-visibility":"","ast-main-header-display":"","ast-hfb-above-header-display":"","ast-hfb-below-header-display":"","ast-hfb-mobile-header-display":"","site-post-title":"disabled","ast-breadcrumbs-content":"","ast-featured-img":"disabled","footer-sml-layout":"","theme-transparent-header-meta":"","adv-header-id-meta":"","stick-header-meta":"","header-above-stick-meta":"","header-main-stick-meta":"","header-below-stick-meta":"","astra-migrate-meta-layouts":"default","ast-page-background-enabled":"default","ast-page-background-meta":{"desktop":{"background-color":"","background-image":"","background-repeat":"repeat","background-position":"center center","background-size":"auto","background-attachment":"scroll","background-type":"","background-media":"","overlay-type":"","overlay-color":"","overlay-opacity":"","overlay-gradient":""},"tablet":{"background-color":"","background-image":"","background-repeat":"repeat","background-position":"center center","background-size":"auto","background-attachment":"scroll","background-type":"","background-media":"","overlay-type":"","overlay-color":"","overlay-opacity":"","overlay-gradient":""},"mobile":{"background-color":"","background-image":"","background-repeat":"repeat","background-position":"center center","background-size":"auto","background-attachment":"scroll","background-type":"","background-media":"","overlay-type":"","overlay-color":"","overlay-opacity":"","overlay-gradient":""}},"ast-content-background-meta":{"desktop":{"background-color":"var(--ast-global-color-5)","background-image":"","background-repeat":"repeat","background-position":"center center","background-size":"auto","background-attachment":"scroll","background-type":"","background-media":"","overlay-type":"","overlay-color":"","overlay-opacity":"","overlay-gradient":""},"tablet":{"background-color":"var(--ast-global-color-5)","background-image":"","background-repeat":"repeat","background-position":"center center","background-size":"auto","background-attachment":"scroll","background-type":"","background-media":"","overlay-type":"","overlay-color":"","overlay-opacity":"","overlay-gradient":""},"mobile":{"background-color":"var(--ast-global-color-5)","background-image":"","background-repeat":"repeat","background-position":"center center","background-size":"auto","background-attachment":"scroll","background-type":"","background-media":"","overlay-type":"","overlay-color":"","overlay-opacity":"","overlay-gradient":""}},"footnotes":""},"class_list":["post-41389","page","type-page","status-publish","hentry"],"acf":[],"_links":{"self":[{"href":"https:\/\/tzalash.org\/fr\/wp-json\/wp\/v2\/pages\/41389","targetHints":{"allow":["GET"]}}],"collection":[{"href":"https:\/\/tzalash.org\/fr\/wp-json\/wp\/v2\/pages"}],"about":[{"href":"https:\/\/tzalash.org\/fr\/wp-json\/wp\/v2\/types\/page"}],"author":[{"embeddable":true,"href":"https:\/\/tzalash.org\/fr\/wp-json\/wp\/v2\/users\/3"}],"replies":[{"embeddable":true,"href":"https:\/\/tzalash.org\/fr\/wp-json\/wp\/v2\/comments?post=41389"}],"version-history":[{"count":3,"href":"https:\/\/tzalash.org\/fr\/wp-json\/wp\/v2\/pages\/41389\/revisions"}],"predecessor-version":[{"id":41597,"href":"https:\/\/tzalash.org\/fr\/wp-json\/wp\/v2\/pages\/41389\/revisions\/41597"}],"wp:attachment":[{"href":"https:\/\/tzalash.org\/fr\/wp-json\/wp\/v2\/media?parent=41389"}],"curies":[{"name":"wp","href":"https:\/\/api.w.org\/{rel}","templated":true}]}}