{"id":41387,"date":"2023-03-26T14:17:48","date_gmt":"2023-03-26T14:17:48","guid":{"rendered":"https:\/\/tzalash.org\/tzalash-armee\/"},"modified":"2024-12-22T13:11:36","modified_gmt":"2024-12-22T13:11:36","slug":"tzalash-armee","status":"publish","type":"page","link":"https:\/\/tzalash.org\/fr\/tzalash-armee\/","title":{"rendered":"Tzalash : Arm\u00e9e"},"content":{"rendered":"\t\t<div data-elementor-type=\"wp-page\" data-elementor-id=\"41387\" class=\"elementor elementor-41387 elementor-3515\" data-elementor-post-type=\"page\">\n\t\t\t\t\t\t<section class=\"elementor-section elementor-top-section elementor-element elementor-element-3925955 hero-section elementor-section-boxed elementor-section-height-default elementor-section-height-default\" data-id=\"3925955\" data-element_type=\"section\" data-settings=\"{&quot;background_background&quot;:&quot;classic&quot;,&quot;jet_parallax_layout_list&quot;:[]}\">\n\t\t\t\t\t\t\t<div class=\"elementor-background-overlay\"><\/div>\n\t\t\t\t\t\t\t<div class=\"elementor-container elementor-column-gap-default\">\n\t\t\t\t\t<div class=\"elementor-column elementor-col-100 elementor-top-column elementor-element elementor-element-493a9e9 max-width-80-vw-important\" data-id=\"493a9e9\" data-element_type=\"column\">\n\t\t\t<div class=\"elementor-widget-wrap elementor-element-populated\">\n\t\t\t\t\t\t<div class=\"elementor-element elementor-element-e8b4e93 elementor-widget elementor-widget-text-editor\" data-id=\"e8b4e93\" data-element_type=\"widget\" data-widget_type=\"text-editor.default\">\n\t\t\t\t<div class=\"elementor-widget-container\">\n\t\t\t\t\t\t\t\t\t<p>Tzalash : Arm\u00e9e<\/p>\n\t\t\t\t\t\t\t\t<\/div>\n\t\t\t\t<\/div>\n\t\t\t\t<div class=\"elementor-element elementor-element-2dd8751 elementor-widget__width-initial elementor-widget elementor-widget-heading\" data-id=\"2dd8751\" data-element_type=\"widget\" data-widget_type=\"heading.default\">\n\t\t\t\t<div class=\"elementor-widget-container\">\n\t\t\t\t\t<h1 class=\"elementor-heading-title elementor-size-default\">Tzalash propose une gamme compl\u00e8te de programmes pour accompagner les soldats. <\/h1>\t\t\t\t<\/div>\n\t\t\t\t<\/div>\n\t\t\t\t<div class=\"elementor-element elementor-element-c9066c8 elementor-align-left dn-btn elementor-widget elementor-widget-button\" data-id=\"c9066c8\" data-element_type=\"widget\" data-widget_type=\"button.default\">\n\t\t\t\t<div class=\"elementor-widget-container\">\n\t\t\t\t\t\t\t\t\t<div class=\"elementor-button-wrapper\">\n\t\t\t\t\t<a class=\"elementor-button elementor-size-sm\" role=\"button\">\n\t\t\t\t\t\t<span class=\"elementor-button-content-wrapper\">\n\t\t\t\t\t\t\t\t\t<span class=\"elementor-button-text\">Nos programmes<\/span>\n\t\t\t\t\t<\/span>\n\t\t\t\t\t<\/a>\n\t\t\t\t<\/div>\n\t\t\t\t\t\t\t\t<\/div>\n\t\t\t\t<\/div>\n\t\t\t\t\t<\/div>\n\t\t<\/div>\n\t\t\t\t\t<\/div>\n\t\t<\/section>\n\t\t\t\t<section class=\"elementor-section elementor-top-section elementor-element elementor-element-30f6686 hero-section elementor-section-boxed elementor-section-height-default elementor-section-height-default\" data-id=\"30f6686\" data-element_type=\"section\" data-settings=\"{&quot;background_background&quot;:&quot;classic&quot;,&quot;jet_parallax_layout_list&quot;:[]}\">\n\t\t\t\t\t\t\t<div class=\"elementor-background-overlay\"><\/div>\n\t\t\t\t\t\t\t<div class=\"elementor-container elementor-column-gap-default\">\n\t\t\t\t\t<div class=\"elementor-column elementor-col-100 elementor-top-column elementor-element elementor-element-a91109f\" data-id=\"a91109f\" data-element_type=\"column\">\n\t\t\t<div class=\"elementor-widget-wrap elementor-element-populated\">\n\t\t\t\t\t\t<section class=\"elementor-section elementor-inner-section elementor-element elementor-element-83d6045 elementor-section-full_width max-width-80-vw-important elementor-section-height-default elementor-section-height-default\" data-id=\"83d6045\" data-element_type=\"section\" data-settings=\"{&quot;jet_parallax_layout_list&quot;:[]}\">\n\t\t\t\t\t\t<div class=\"elementor-container elementor-column-gap-default\">\n\t\t\t\t\t<div class=\"elementor-column elementor-col-50 elementor-inner-column elementor-element elementor-element-864c140\" data-id=\"864c140\" data-element_type=\"column\">\n\t\t\t<div class=\"elementor-widget-wrap elementor-element-populated\">\n\t\t\t\t\t\t<div class=\"elementor-element elementor-element-30121bb elementor-position-top elementor-widget elementor-widget-image-box\" data-id=\"30121bb\" data-element_type=\"widget\" data-widget_type=\"image-box.default\">\n\t\t\t\t<div class=\"elementor-widget-container\">\n\t\t\t\t\t<div class=\"elementor-image-box-wrapper\"><figure class=\"elementor-image-box-img\"><img fetchpriority=\"high\" decoding=\"async\" width=\"565\" height=\"216\" src=\"https:\/\/tzalash.org\/wp-content\/uploads\/2023\/03\/tzalash-page-1.png\" class=\"attachment-full size-full wp-image-3529\" alt=\"\" srcset=\"https:\/\/tzalash.org\/wp-content\/uploads\/2023\/03\/tzalash-page-1.png 565w, https:\/\/tzalash.org\/wp-content\/uploads\/2023\/03\/tzalash-page-1-64x24.png 64w, https:\/\/tzalash.org\/wp-content\/uploads\/2023\/03\/tzalash-page-1-300x115.png 300w\" sizes=\"(max-width: 565px) 100vw, 565px\" \/><\/figure><div class=\"elementor-image-box-content\"><h3 class=\"elementor-image-box-title\">Les visites aux soldats dans les bases militaires<\/h3><p class=\"elementor-image-box-description\">Rien n'est plus appr\u00e9ci\u00e9 par un soldat qu'une visite. Tout au long de l'ann\u00e9e, nous travaillons avec les dirigeants de l'arm\u00e9e et son rabbinat pour permettre au staff de Tzalash de rendre r\u00e9guli\u00e8rement visite aux soldats. Chaque visite est accompagn\u00e9e d'une g\u00e9n\u00e9reuse quantit\u00e9 de snacks et de boissons et, bien s\u00fbr, aucune visite n'est compl\u00e8te sans un peu de spiritualit\u00e9 et d'\u00e9tude de la Torah.  <\/p><\/div><\/div>\t\t\t\t<\/div>\n\t\t\t\t<\/div>\n\t\t\t\t\t<\/div>\n\t\t<\/div>\n\t\t\t\t<div class=\"elementor-column elementor-col-50 elementor-inner-column elementor-element elementor-element-55c705c\" data-id=\"55c705c\" data-element_type=\"column\">\n\t\t\t<div class=\"elementor-widget-wrap elementor-element-populated\">\n\t\t\t\t\t\t<div class=\"elementor-element elementor-element-24793c2 elementor-position-top elementor-widget elementor-widget-image-box\" data-id=\"24793c2\" data-element_type=\"widget\" data-widget_type=\"image-box.default\">\n\t\t\t\t<div class=\"elementor-widget-container\">\n\t\t\t\t\t<div class=\"elementor-image-box-wrapper\"><figure class=\"elementor-image-box-img\"><img decoding=\"async\" width=\"566\" height=\"216\" src=\"https:\/\/tzalash.org\/wp-content\/uploads\/2023\/03\/tzalash-page-2.png\" class=\"attachment-full size-full wp-image-3528\" alt=\"\" srcset=\"https:\/\/tzalash.org\/wp-content\/uploads\/2023\/03\/tzalash-page-2.png 566w, https:\/\/tzalash.org\/wp-content\/uploads\/2023\/03\/tzalash-page-2-64x24.png 64w, https:\/\/tzalash.org\/wp-content\/uploads\/2023\/03\/tzalash-page-2-300x114.png 300w\" sizes=\"(max-width: 566px) 100vw, 566px\" \/><\/figure><div class=\"elementor-image-box-content\"><h3 class=\"elementor-image-box-title\"><br>Mishna et Guemara \u00c9tudier la Torah \u00e0 l\u2019arm\u00e9e <\/h3><p class=\"elementor-image-box-description\">Afin d'encourager l'\u00e9tude individuelle et collective de la Torah, des \u00e9ditions sp\u00e9ciales en format de poche de la Mishna et de la Guemara sont imprim\u00e9es et distribu\u00e9es aux soldats. En outre, lorsque le staff de Tzalash rend visite aux soldats dans les bases militaires, ces ouvrages servent \u00e0 une \u00e9tude en groupe, de sorte que les soldats peuvent collaborer pour terminer un trait\u00e9 dans son int\u00e9gralit\u00e9 - un aboutissement qui est suivi d'un siyoum festif.  <\/p><\/div><\/div>\t\t\t\t<\/div>\n\t\t\t\t<\/div>\n\t\t\t\t\t<\/div>\n\t\t<\/div>\n\t\t\t\t\t<\/div>\n\t\t<\/section>\n\t\t\t\t<section class=\"elementor-section elementor-inner-section elementor-element elementor-element-d8f86d8 elementor-section-full_width max-width-80-vw-important elementor-section-height-default elementor-section-height-default\" data-id=\"d8f86d8\" data-element_type=\"section\" data-settings=\"{&quot;jet_parallax_layout_list&quot;:[]}\">\n\t\t\t\t\t\t<div class=\"elementor-container elementor-column-gap-default\">\n\t\t\t\t\t<div class=\"elementor-column elementor-col-50 elementor-inner-column elementor-element elementor-element-173185d\" data-id=\"173185d\" data-element_type=\"column\">\n\t\t\t<div class=\"elementor-widget-wrap elementor-element-populated\">\n\t\t\t\t\t\t<div class=\"elementor-element elementor-element-33b6c33 elementor-position-top elementor-widget elementor-widget-image-box\" data-id=\"33b6c33\" data-element_type=\"widget\" data-widget_type=\"image-box.default\">\n\t\t\t\t<div class=\"elementor-widget-container\">\n\t\t\t\t\t<div class=\"elementor-image-box-wrapper\"><figure class=\"elementor-image-box-img\"><img decoding=\"async\" width=\"565\" height=\"217\" src=\"https:\/\/tzalash.org\/wp-content\/uploads\/2023\/03\/tzalash-page-3.png\" class=\"attachment-full size-full wp-image-3527\" alt=\"\" srcset=\"https:\/\/tzalash.org\/wp-content\/uploads\/2023\/03\/tzalash-page-3.png 565w, https:\/\/tzalash.org\/wp-content\/uploads\/2023\/03\/tzalash-page-3-64x25.png 64w, https:\/\/tzalash.org\/wp-content\/uploads\/2023\/03\/tzalash-page-3-300x115.png 300w\" sizes=\"(max-width: 565px) 100vw, 565px\" \/><\/figure><div class=\"elementor-image-box-content\"><h3 class=\"elementor-image-box-title\">Programmes d'\u00e9tude de la Torah le shabbat<\/h3><p class=\"elementor-image-box-description\">Afin d'encourager la fraternit\u00e9 et de procurer une atmosph\u00e8re particuli\u00e8re pendant le shabbat, Tzalash parraine des Kiddouch et des Oneg shabbat ou des \u00ab tisch \u00bb dans les bases militaires o\u00f9 les soldats se r\u00e9unissent pour \u00e9tudier la Torah, chanter et se nourrir de spiritualit\u00e9 religieuse. Ces programmes contribuent \u00e0 faire en sorte que le shabbat dans l'arm\u00e9e ne soit plus simplement un \u00ab jour de repos \u00bb, mais un \u00ab jour de cheminement religieux \u00bb, le tout dans une atmosph\u00e8re d\u00e9tendue et joyeuse.  <\/p><\/div><\/div>\t\t\t\t<\/div>\n\t\t\t\t<\/div>\n\t\t\t\t\t<\/div>\n\t\t<\/div>\n\t\t\t\t<div class=\"elementor-column elementor-col-50 elementor-inner-column elementor-element elementor-element-4f3727d\" data-id=\"4f3727d\" data-element_type=\"column\">\n\t\t\t<div class=\"elementor-widget-wrap elementor-element-populated\">\n\t\t\t\t\t\t<div class=\"elementor-element elementor-element-6ce2143 elementor-position-top elementor-widget elementor-widget-image-box\" data-id=\"6ce2143\" data-element_type=\"widget\" data-widget_type=\"image-box.default\">\n\t\t\t\t<div class=\"elementor-widget-container\">\n\t\t\t\t\t<div class=\"elementor-image-box-wrapper\"><figure class=\"elementor-image-box-img\"><img loading=\"lazy\" decoding=\"async\" width=\"566\" height=\"216\" src=\"https:\/\/tzalash.org\/wp-content\/uploads\/2023\/03\/tzalash-page-4.png\" class=\"attachment-full size-full wp-image-3526\" alt=\"\" srcset=\"https:\/\/tzalash.org\/wp-content\/uploads\/2023\/03\/tzalash-page-4.png 566w, https:\/\/tzalash.org\/wp-content\/uploads\/2023\/03\/tzalash-page-4-64x24.png 64w, https:\/\/tzalash.org\/wp-content\/uploads\/2023\/03\/tzalash-page-4-300x114.png 300w\" sizes=\"(max-width: 566px) 100vw, 566px\" \/><\/figure><div class=\"elementor-image-box-content\"><h3 class=\"elementor-image-box-title\">Impression et distribution de Sifrei Hizzouk<\/h3><p class=\"elementor-image-box-description\">Les collaborateurs de Tzalash ont \u00e9crit et publi\u00e9 de nombreux livres et monographies. Ces ouvrages constituent pour les soldats une source d'inspiration et de conseils tir\u00e9s de la Torah. Ils sont tous imprim\u00e9s en format de poche pour pouvoir se glisser facilement dans les poches des uniformes et consult\u00e9s \u00e0 tout moment.   <\/p><\/div><\/div>\t\t\t\t<\/div>\n\t\t\t\t<\/div>\n\t\t\t\t\t<\/div>\n\t\t<\/div>\n\t\t\t\t\t<\/div>\n\t\t<\/section>\n\t\t\t\t<section class=\"elementor-section elementor-inner-section elementor-element elementor-element-4aca046 elementor-section-full_width max-width-80-vw-important elementor-section-height-default elementor-section-height-default\" data-id=\"4aca046\" data-element_type=\"section\" data-settings=\"{&quot;jet_parallax_layout_list&quot;:[]}\">\n\t\t\t\t\t\t<div class=\"elementor-container elementor-column-gap-default\">\n\t\t\t\t\t<div class=\"elementor-column elementor-col-50 elementor-inner-column elementor-element elementor-element-d359a93\" data-id=\"d359a93\" data-element_type=\"column\">\n\t\t\t<div class=\"elementor-widget-wrap elementor-element-populated\">\n\t\t\t\t\t\t<div class=\"elementor-element elementor-element-2a29eeb elementor-position-top elementor-widget elementor-widget-image-box\" data-id=\"2a29eeb\" data-element_type=\"widget\" data-widget_type=\"image-box.default\">\n\t\t\t\t<div class=\"elementor-widget-container\">\n\t\t\t\t\t<div class=\"elementor-image-box-wrapper\"><figure class=\"elementor-image-box-img\"><img loading=\"lazy\" decoding=\"async\" width=\"565\" height=\"217\" src=\"https:\/\/tzalash.org\/wp-content\/uploads\/2023\/03\/tzalash-page-5.png\" class=\"attachment-full size-full wp-image-3525\" alt=\"\" srcset=\"https:\/\/tzalash.org\/wp-content\/uploads\/2023\/03\/tzalash-page-5.png 565w, https:\/\/tzalash.org\/wp-content\/uploads\/2023\/03\/tzalash-page-5-64x25.png 64w, https:\/\/tzalash.org\/wp-content\/uploads\/2023\/03\/tzalash-page-5-300x115.png 300w\" sizes=\"(max-width: 565px) 100vw, 565px\" \/><\/figure><div class=\"elementor-image-box-content\"><h3 class=\"elementor-image-box-title\">Aide aux soldats venus sans leur famille<\/h3><p class=\"elementor-image-box-description\">Les soldats venus sans leur famille ont des besoins sp\u00e9cifiques dus \u00e0 l'absence de soutien familial en Isra\u00ebl. Conscients de ces difficult\u00e9s, nous \u00e9tendons notre palette de programmes afin d'apporter une aide suppl\u00e9mentaire aux soldats venus sans leur famille. Il s'agit notamment de visites sp\u00e9cifiques dans les bases militaires, de programmes sociaux et de Shabbatonim.   <\/p><\/div><\/div>\t\t\t\t<\/div>\n\t\t\t\t<\/div>\n\t\t\t\t\t<\/div>\n\t\t<\/div>\n\t\t\t\t<div class=\"elementor-column elementor-col-50 elementor-inner-column elementor-element elementor-element-f28586d\" data-id=\"f28586d\" data-element_type=\"column\">\n\t\t\t<div class=\"elementor-widget-wrap elementor-element-populated\">\n\t\t\t\t\t\t<div class=\"elementor-element elementor-element-1803a5f elementor-position-top elementor-widget elementor-widget-image-box\" data-id=\"1803a5f\" data-element_type=\"widget\" data-widget_type=\"image-box.default\">\n\t\t\t\t<div class=\"elementor-widget-container\">\n\t\t\t\t\t<div class=\"elementor-image-box-wrapper\"><figure class=\"elementor-image-box-img\"><img loading=\"lazy\" decoding=\"async\" width=\"566\" height=\"217\" src=\"https:\/\/tzalash.org\/wp-content\/uploads\/2023\/03\/tzalash-page-6.png\" class=\"attachment-full size-full wp-image-3524\" alt=\"\" srcset=\"https:\/\/tzalash.org\/wp-content\/uploads\/2023\/03\/tzalash-page-6.png 566w, https:\/\/tzalash.org\/wp-content\/uploads\/2023\/03\/tzalash-page-6-64x25.png 64w, https:\/\/tzalash.org\/wp-content\/uploads\/2023\/03\/tzalash-page-6-300x115.png 300w\" sizes=\"(max-width: 566px) 100vw, 566px\" \/><\/figure><div class=\"elementor-image-box-content\"><h3 class=\"elementor-image-box-title\">Bien commencer avec semaine en spiritualit\u00e9 avec l'\u00e9tude la Torah<\/h3><p class=\"elementor-image-box-description\">Tzalash s'associe \u00e0 Tsahal pour organiser une journ\u00e9e exceptionnelle consacr\u00e9e \u00e0 l'\u00e9tude et la spiritualit\u00e9 pour des groupes cibl\u00e9s de soldats, le dimanche matin. Le programme se d\u00e9roule dans une synagogue au centre de Tel Aviv et comprend des cours donn\u00e9s par d'\u00e9minents rabbins, des officiers de haut rang de l'arm\u00e9e et du personnel de Tzalash, suivis d'une \u00e9tude commune et d'un siyoum avec des chants et des danses.  <\/p><\/div><\/div>\t\t\t\t<\/div>\n\t\t\t\t<\/div>\n\t\t\t\t\t<\/div>\n\t\t<\/div>\n\t\t\t\t\t<\/div>\n\t\t<\/section>\n\t\t\t\t<section class=\"elementor-section elementor-inner-section elementor-element elementor-element-91a22ae elementor-section-full_width max-width-80-vw-important elementor-section-height-default elementor-section-height-default\" data-id=\"91a22ae\" data-element_type=\"section\" data-settings=\"{&quot;jet_parallax_layout_list&quot;:[]}\">\n\t\t\t\t\t\t<div class=\"elementor-container elementor-column-gap-default\">\n\t\t\t\t\t<div class=\"elementor-column elementor-col-50 elementor-inner-column elementor-element elementor-element-936ffd2\" data-id=\"936ffd2\" data-element_type=\"column\">\n\t\t\t<div class=\"elementor-widget-wrap elementor-element-populated\">\n\t\t\t\t\t\t<div class=\"elementor-element elementor-element-9dc508d elementor-position-top elementor-widget elementor-widget-image-box\" data-id=\"9dc508d\" data-element_type=\"widget\" data-widget_type=\"image-box.default\">\n\t\t\t\t<div class=\"elementor-widget-container\">\n\t\t\t\t\t<div class=\"elementor-image-box-wrapper\"><figure class=\"elementor-image-box-img\"><img loading=\"lazy\" decoding=\"async\" width=\"565\" height=\"217\" src=\"https:\/\/tzalash.org\/wp-content\/uploads\/2023\/03\/tzalash-page-7.png\" class=\"attachment-full size-full wp-image-3523\" alt=\"\" srcset=\"https:\/\/tzalash.org\/wp-content\/uploads\/2023\/03\/tzalash-page-7.png 565w, https:\/\/tzalash.org\/wp-content\/uploads\/2023\/03\/tzalash-page-7-64x25.png 64w, https:\/\/tzalash.org\/wp-content\/uploads\/2023\/03\/tzalash-page-7-300x115.png 300w\" sizes=\"(max-width: 565px) 100vw, 565px\" \/><\/figure><div class=\"elementor-image-box-content\"><h3 class=\"elementor-image-box-title\">Soutien aux soldates religieuses<\/h3><p class=\"elementor-image-box-description\">Ces derni\u00e8res ann\u00e9es ont connu une augmentation du nombre de jeunes femmes religieuses qui rejoignent les Forces de d\u00e9fense isra\u00e9liennes. Les d\u00e9fis auxquels ces femmes sont confront\u00e9es sont vari\u00e9s et complexes et sont accentu\u00e9s par le manque de structures de soutien. Compte tenu de cette r\u00e9alit\u00e9, et conform\u00e9ment \u00e0 la mission de Tzalash qui est de soutenir tous les soldats religieux, nous lan\u00e7ons notre tout nouveau programme de soutien aux soldates religieuses dans tous les corps de l'arm\u00e9e.   <\/p><\/div><\/div>\t\t\t\t<\/div>\n\t\t\t\t<\/div>\n\t\t\t\t\t<\/div>\n\t\t<\/div>\n\t\t\t\t<div class=\"elementor-column elementor-col-50 elementor-inner-column elementor-element elementor-element-7bd748f\" data-id=\"7bd748f\" data-element_type=\"column\">\n\t\t\t<div class=\"elementor-widget-wrap elementor-element-populated\">\n\t\t\t\t\t\t<div class=\"elementor-element elementor-element-1f8fcd5 elementor-position-top elementor-widget elementor-widget-image-box\" data-id=\"1f8fcd5\" data-element_type=\"widget\" data-widget_type=\"image-box.default\">\n\t\t\t\t<div class=\"elementor-widget-container\">\n\t\t\t\t\t<div class=\"elementor-image-box-wrapper\"><figure class=\"elementor-image-box-img\"><img loading=\"lazy\" decoding=\"async\" width=\"565\" height=\"217\" src=\"https:\/\/tzalash.org\/wp-content\/uploads\/2023\/03\/tzalash-page-8.png\" class=\"attachment-full size-full wp-image-3522\" alt=\"\" srcset=\"https:\/\/tzalash.org\/wp-content\/uploads\/2023\/03\/tzalash-page-8.png 565w, https:\/\/tzalash.org\/wp-content\/uploads\/2023\/03\/tzalash-page-8-64x25.png 64w, https:\/\/tzalash.org\/wp-content\/uploads\/2023\/03\/tzalash-page-8-300x115.png 300w\" sizes=\"(max-width: 565px) 100vw, 565px\" \/><\/figure><div class=\"elementor-image-box-content\"><h3 class=\"elementor-image-box-title\">Une journ\u00e9e consacr\u00e9e \u00e0 l'\u00e9tude avant le service militaire<\/h3><p class=\"elementor-image-box-description\">Une conf\u00e9rence destin\u00e9e aux \u00e9l\u00e8ves de yeshiva peu de temps avant qu'ils ne commencent leur service militaire. Au programme, des interventions pr\u00e9sent\u00e9es par des \u00e9minents rabbins et \u00e9rudits de la Torah, des membres exp\u00e9riment\u00e9s du rabbinat de l'arm\u00e9e et des membres de l'\u00e9quipe de Tzalash. La conf\u00e9rence se termine par une \u00e9tude collective de la Torah et par un siyoum en musique.   <\/p><\/div><\/div>\t\t\t\t<\/div>\n\t\t\t\t<\/div>\n\t\t\t\t\t<\/div>\n\t\t<\/div>\n\t\t\t\t\t<\/div>\n\t\t<\/section>\n\t\t\t\t\t<\/div>\n\t\t<\/div>\n\t\t\t\t\t<\/div>\n\t\t<\/section>\n\t\t\t\t<section class=\"elementor-section elementor-top-section elementor-element elementor-element-65b6373 elementor-section-full_width elementor-section-height-default elementor-section-height-default\" data-id=\"65b6373\" data-element_type=\"section\" data-settings=\"{&quot;background_background&quot;:&quot;classic&quot;,&quot;jet_parallax_layout_list&quot;:[]}\">\n\t\t\t\t\t\t<div class=\"elementor-container elementor-column-gap-default\">\n\t\t\t\t\t<div class=\"elementor-column elementor-col-33 elementor-top-column elementor-element elementor-element-e6bcb6b left-col-for-shadow\" data-id=\"e6bcb6b\" data-element_type=\"column\" data-settings=\"{&quot;background_background&quot;:&quot;classic&quot;}\">\n\t\t\t<div class=\"elementor-widget-wrap elementor-element-populated\">\n\t\t\t\t\t\t\t<\/div>\n\t\t<\/div>\n\t\t\t\t<div class=\"elementor-column elementor-col-33 elementor-top-column elementor-element elementor-element-aaf4266\" data-id=\"aaf4266\" data-element_type=\"column\">\n\t\t\t<div class=\"elementor-widget-wrap elementor-element-populated\">\n\t\t\t\t\t\t<div class=\"elementor-element elementor-element-241af9e elementor-widget__width-initial tzalash elementor-widget elementor-widget-heading\" data-id=\"241af9e\" data-element_type=\"widget\" data-widget_type=\"heading.default\">\n\t\t\t\t<div class=\"elementor-widget-container\">\n\t\t\t\t\t<h1 class=\"elementor-heading-title elementor-size-default\">Encourager et inspirer les soldats, o\u00f9 qu\u2019ils soient<\/h1>\t\t\t\t<\/div>\n\t\t\t\t<\/div>\n\t\t\t\t<div class=\"elementor-element elementor-element-a83c104 elementor-align-center elementor-widget elementor-widget-button\" data-id=\"a83c104\" data-element_type=\"widget\" data-widget_type=\"button.default\">\n\t\t\t\t<div class=\"elementor-widget-container\">\n\t\t\t\t\t\t\t\t\t<div class=\"elementor-button-wrapper\">\n\t\t\t\t\t<a class=\"elementor-button elementor-button-link elementor-size-sm\" href=\"https:\/\/tzalash.org\/donation\/\">\n\t\t\t\t\t\t<span class=\"elementor-button-content-wrapper\">\n\t\t\t\t\t\t\t\t\t<span class=\"elementor-button-text\">Faire un don<\/span>\n\t\t\t\t\t<\/span>\n\t\t\t\t\t<\/a>\n\t\t\t\t<\/div>\n\t\t\t\t\t\t\t\t<\/div>\n\t\t\t\t<\/div>\n\t\t\t\t\t<\/div>\n\t\t<\/div>\n\t\t\t\t<div class=\"elementor-column elementor-col-33 elementor-top-column elementor-element elementor-element-aaca8c4 right-col-for-shadow\" data-id=\"aaca8c4\" data-element_type=\"column\" data-settings=\"{&quot;background_background&quot;:&quot;classic&quot;}\">\n\t\t\t<div class=\"elementor-widget-wrap elementor-element-populated\">\n\t\t\t\t\t\t\t<\/div>\n\t\t<\/div>\n\t\t\t\t\t<\/div>\n\t\t<\/section>\n\t\t\t\t<\/div>\n\t\t","protected":false},"excerpt":{"rendered":"<p>Tzalash : Arm\u00e9e Tzalash propose une gamme compl\u00e8te de programmes pour accompagner les soldats. Nos programmes Les visites aux soldats dans les bases militaires Rien n&#8217;est plus appr\u00e9ci\u00e9 par un soldat qu&#8217;une visite. Tout au long de l&#8217;ann\u00e9e, nous travaillons avec les dirigeants de l&#8217;arm\u00e9e et son rabbinat pour permettre au staff de Tzalash de [&hellip;]<\/p>\n","protected":false},"author":3,"featured_media":0,"parent":0,"menu_order":0,"comment_status":"closed","ping_status":"closed","template":"","meta":{"_acf_changed":false,"site-sidebar-layout":"no-sidebar","site-content-layout":"page-builder","ast-site-content-layout":"","site-content-style":"default","site-sidebar-style":"default","ast-global-header-display":"","ast-banner-title-visibility":"","ast-main-header-display":"","ast-hfb-above-header-display":"","ast-hfb-below-header-display":"","ast-hfb-mobile-header-display":"","site-post-title":"disabled","ast-breadcrumbs-content":"","ast-featured-img":"disabled","footer-sml-layout":"","theme-transparent-header-meta":"","adv-header-id-meta":"","stick-header-meta":"","header-above-stick-meta":"","header-main-stick-meta":"","header-below-stick-meta":"","astra-migrate-meta-layouts":"default","ast-page-background-enabled":"default","ast-page-background-meta":{"desktop":{"background-color":"","background-image":"","background-repeat":"repeat","background-position":"center center","background-size":"auto","background-attachment":"scroll","background-type":"","background-media":"","overlay-type":"","overlay-color":"","overlay-opacity":"","overlay-gradient":""},"tablet":{"background-color":"","background-image":"","background-repeat":"repeat","background-position":"center center","background-size":"auto","background-attachment":"scroll","background-type":"","background-media":"","overlay-type":"","overlay-color":"","overlay-opacity":"","overlay-gradient":""},"mobile":{"background-color":"","background-image":"","background-repeat":"repeat","background-position":"center center","background-size":"auto","background-attachment":"scroll","background-type":"","background-media":"","overlay-type":"","overlay-color":"","overlay-opacity":"","overlay-gradient":""}},"ast-content-background-meta":{"desktop":{"background-color":"var(--ast-global-color-5)","background-image":"","background-repeat":"repeat","background-position":"center center","background-size":"auto","background-attachment":"scroll","background-type":"","background-media":"","overlay-type":"","overlay-color":"","overlay-opacity":"","overlay-gradient":""},"tablet":{"background-color":"var(--ast-global-color-5)","background-image":"","background-repeat":"repeat","background-position":"center center","background-size":"auto","background-attachment":"scroll","background-type":"","background-media":"","overlay-type":"","overlay-color":"","overlay-opacity":"","overlay-gradient":""},"mobile":{"background-color":"var(--ast-global-color-5)","background-image":"","background-repeat":"repeat","background-position":"center center","background-size":"auto","background-attachment":"scroll","background-type":"","background-media":"","overlay-type":"","overlay-color":"","overlay-opacity":"","overlay-gradient":""}},"footnotes":""},"class_list":["post-41387","page","type-page","status-publish","hentry"],"acf":[],"_links":{"self":[{"href":"https:\/\/tzalash.org\/fr\/wp-json\/wp\/v2\/pages\/41387","targetHints":{"allow":["GET"]}}],"collection":[{"href":"https:\/\/tzalash.org\/fr\/wp-json\/wp\/v2\/pages"}],"about":[{"href":"https:\/\/tzalash.org\/fr\/wp-json\/wp\/v2\/types\/page"}],"author":[{"embeddable":true,"href":"https:\/\/tzalash.org\/fr\/wp-json\/wp\/v2\/users\/3"}],"replies":[{"embeddable":true,"href":"https:\/\/tzalash.org\/fr\/wp-json\/wp\/v2\/comments?post=41387"}],"version-history":[{"count":3,"href":"https:\/\/tzalash.org\/fr\/wp-json\/wp\/v2\/pages\/41387\/revisions"}],"predecessor-version":[{"id":41593,"href":"https:\/\/tzalash.org\/fr\/wp-json\/wp\/v2\/pages\/41387\/revisions\/41593"}],"wp:attachment":[{"href":"https:\/\/tzalash.org\/fr\/wp-json\/wp\/v2\/media?parent=41387"}],"curies":[{"name":"wp","href":"https:\/\/api.w.org\/{rel}","templated":true}]}}