{"id":43476,"date":"2023-03-30T10:05:54","date_gmt":"2023-03-30T10:05:54","guid":{"rendered":"https:\/\/tzalash.org\/tzalash-previo-al-ejercito\/"},"modified":"2025-03-30T10:08:18","modified_gmt":"2025-03-30T10:08:18","slug":"tzalash-previo-al-ejercito","status":"publish","type":"page","link":"https:\/\/tzalash.org\/es\/tzalash-previo-al-ejercito\/","title":{"rendered":"Tzalash: Previo al ej\u00e9rcito"},"content":{"rendered":"\t\t<div data-elementor-type=\"wp-page\" data-elementor-id=\"43476\" class=\"elementor elementor-43476 elementor-4223\" data-elementor-post-type=\"page\">\n\t\t\t\t\t\t<section class=\"elementor-section elementor-top-section elementor-element elementor-element-fccebce hero-section elementor-section-boxed elementor-section-height-default elementor-section-height-default\" data-id=\"fccebce\" data-element_type=\"section\" data-settings=\"{&quot;background_background&quot;:&quot;classic&quot;,&quot;jet_parallax_layout_list&quot;:[]}\">\n\t\t\t\t\t\t\t<div class=\"elementor-background-overlay\"><\/div>\n\t\t\t\t\t\t\t<div class=\"elementor-container elementor-column-gap-default\">\n\t\t\t\t\t<div class=\"elementor-column elementor-col-100 elementor-top-column elementor-element elementor-element-e07f780\" data-id=\"e07f780\" data-element_type=\"column\">\n\t\t\t<div class=\"elementor-widget-wrap elementor-element-populated\">\n\t\t\t\t\t\t<div class=\"elementor-element elementor-element-2e7c406 elementor-widget elementor-widget-text-editor\" data-id=\"2e7c406\" data-element_type=\"widget\" data-widget_type=\"text-editor.default\">\n\t\t\t\t<div class=\"elementor-widget-container\">\n\t\t\t\t\t\t\t\t\t<p>Tzalash: Previo al ej\u00e9rcito<\/p>\n\t\t\t\t\t\t\t\t<\/div>\n\t\t\t\t<\/div>\n\t\t\t\t<div class=\"elementor-element elementor-element-ab865cc elementor-widget__width-initial elementor-widget elementor-widget-heading\" data-id=\"ab865cc\" data-element_type=\"widget\" data-widget_type=\"heading.default\">\n\t\t\t\t<div class=\"elementor-widget-container\">\n\t\t\t\t\t<h1 class=\"elementor-heading-title elementor-size-default\">A partir de la amplia experiencia que acumulamos a lo largo de los a\u00f1os, llegamos a la conclusi\u00f3n que es necesario comenzar la relaci\u00f3n con los futuros soldados ya desde 4to y 5to a\u00f1o\n<\/h1>\t\t\t\t<\/div>\n\t\t\t\t<\/div>\n\t\t\t\t\t<\/div>\n\t\t<\/div>\n\t\t\t\t\t<\/div>\n\t\t<\/section>\n\t\t\t\t<section class=\"elementor-section elementor-top-section elementor-element elementor-element-eeb9550 elementor-section-boxed elementor-section-height-default elementor-section-height-default\" data-id=\"eeb9550\" data-element_type=\"section\" data-settings=\"{&quot;background_background&quot;:&quot;classic&quot;,&quot;jet_parallax_layout_list&quot;:[]}\">\n\t\t\t\t\t\t<div class=\"elementor-container elementor-column-gap-default\">\n\t\t\t\t\t<div class=\"elementor-column elementor-col-50 elementor-top-column elementor-element elementor-element-6efd482\" data-id=\"6efd482\" data-element_type=\"column\">\n\t\t\t<div class=\"elementor-widget-wrap elementor-element-populated\">\n\t\t\t\t\t\t<div class=\"elementor-element elementor-element-ceadf09 elementor-hidden-desktop elementor-widget elementor-widget-image\" data-id=\"ceadf09\" data-element_type=\"widget\" data-widget_type=\"image.default\">\n\t\t\t\t<div class=\"elementor-widget-container\">\n\t\t\t\t\t\t\t\t\t\t\t\t\t\t\t<img fetchpriority=\"high\" decoding=\"async\" width=\"701\" height=\"406\" src=\"https:\/\/tzalash.org\/wp-content\/uploads\/2023\/03\/pre-army-1.png\" class=\"attachment-large size-large wp-image-4258\" alt=\"\" srcset=\"https:\/\/tzalash.org\/wp-content\/uploads\/2023\/03\/pre-army-1.png 701w, https:\/\/tzalash.org\/wp-content\/uploads\/2023\/03\/pre-army-1-64x37.png 64w, https:\/\/tzalash.org\/wp-content\/uploads\/2023\/03\/pre-army-1-600x348.png 600w, https:\/\/tzalash.org\/wp-content\/uploads\/2023\/03\/pre-army-1-300x174.png 300w\" sizes=\"(max-width: 701px) 100vw, 701px\" \/>\t\t\t\t\t\t\t\t\t\t\t\t\t\t\t<\/div>\n\t\t\t\t<\/div>\n\t\t\t\t<div class=\"elementor-element elementor-element-0c03a75 impact-text elementor-widget elementor-widget-text-editor\" data-id=\"0c03a75\" data-element_type=\"widget\" data-widget_type=\"text-editor.default\">\n\t\t\t\t<div class=\"elementor-widget-container\">\n\t\t\t\t\t\t\t\t\t<p>para prepararlos y alentarlos a enrolarse a un servicio significativo y como preparaci\u00f3n para un periodo de servicio militar largo y desafiante. En esta etapa llevamos a cabo actividades comunitarias en la ciudad de Raanana y el objetivo es ampliarnos en un futuro pronto a otros lugares. En el marco de las actividades tienen lugar encuentros semanales sobre el estudio de la Tor\u00e1, reuniones, fiestas de principio de mes, shabatot conjuntos y congresos especiales centrados en el fortalecimiento del culto a Dios como preparaci\u00f3n significativa al desaf\u00edo del servicio militar en relaci\u00f3n con todos los d\u00edas conmemorativos y festivos del a\u00f1o.    <\/p>\n\t\t\t\t\t\t\t\t<\/div>\n\t\t\t\t<\/div>\n\t\t\t\t\t<\/div>\n\t\t<\/div>\n\t\t\t\t<div class=\"elementor-column elementor-col-50 elementor-top-column elementor-element elementor-element-ea73845 elementor-hidden-tablet elementor-hidden-mobile\" data-id=\"ea73845\" data-element_type=\"column\">\n\t\t\t<div class=\"elementor-widget-wrap elementor-element-populated\">\n\t\t\t\t\t\t<div class=\"elementor-element elementor-element-4b665f5 elementor-widget elementor-widget-image\" data-id=\"4b665f5\" data-element_type=\"widget\" data-widget_type=\"image.default\">\n\t\t\t\t<div class=\"elementor-widget-container\">\n\t\t\t\t\t\t\t\t\t\t\t\t\t\t\t<img fetchpriority=\"high\" decoding=\"async\" width=\"701\" height=\"406\" src=\"https:\/\/tzalash.org\/wp-content\/uploads\/2023\/03\/pre-army-1.png\" class=\"attachment-large size-large wp-image-4258\" alt=\"\" srcset=\"https:\/\/tzalash.org\/wp-content\/uploads\/2023\/03\/pre-army-1.png 701w, https:\/\/tzalash.org\/wp-content\/uploads\/2023\/03\/pre-army-1-64x37.png 64w, https:\/\/tzalash.org\/wp-content\/uploads\/2023\/03\/pre-army-1-600x348.png 600w, https:\/\/tzalash.org\/wp-content\/uploads\/2023\/03\/pre-army-1-300x174.png 300w\" sizes=\"(max-width: 701px) 100vw, 701px\" \/>\t\t\t\t\t\t\t\t\t\t\t\t\t\t\t<\/div>\n\t\t\t\t<\/div>\n\t\t\t\t\t<\/div>\n\t\t<\/div>\n\t\t\t\t\t<\/div>\n\t\t<\/section>\n\t\t\t\t<section class=\"elementor-section elementor-top-section elementor-element elementor-element-cfde650 linear-background-green-2 elementor-section-boxed elementor-section-height-default elementor-section-height-default\" data-id=\"cfde650\" data-element_type=\"section\" data-settings=\"{&quot;background_background&quot;:&quot;classic&quot;,&quot;jet_parallax_layout_list&quot;:[]}\">\n\t\t\t\t\t\t\t<div class=\"elementor-background-overlay\"><\/div>\n\t\t\t\t\t\t\t<div class=\"elementor-container elementor-column-gap-default\">\n\t\t\t\t\t<div class=\"elementor-column elementor-col-100 elementor-top-column elementor-element elementor-element-8540e3b\" data-id=\"8540e3b\" data-element_type=\"column\">\n\t\t\t<div class=\"elementor-widget-wrap elementor-element-populated\">\n\t\t\t\t\t\t<section class=\"elementor-section elementor-inner-section elementor-element elementor-element-bff33fe elementor-section-full_width elementor-section-height-default elementor-section-height-default\" data-id=\"bff33fe\" data-element_type=\"section\" data-settings=\"{&quot;background_background&quot;:&quot;classic&quot;,&quot;jet_parallax_layout_list&quot;:[]}\">\n\t\t\t\t\t\t<div class=\"elementor-container elementor-column-gap-default\">\n\t\t\t\t\t<div class=\"elementor-column elementor-col-100 elementor-inner-column elementor-element elementor-element-0b23de6\" data-id=\"0b23de6\" data-element_type=\"column\">\n\t\t\t<div class=\"elementor-widget-wrap elementor-element-populated\">\n\t\t\t\t\t\t<div class=\"elementor-element elementor-element-701dfb8 elementor-absolute elementor-hidden-mobile elementor-widget elementor-widget-image\" data-id=\"701dfb8\" data-element_type=\"widget\" data-settings=\"{&quot;_position&quot;:&quot;absolute&quot;}\" data-widget_type=\"image.default\">\n\t\t\t\t<div class=\"elementor-widget-container\">\n\t\t\t\t\t\t\t\t\t\t\t\t\t\t\t<img decoding=\"async\" width=\"117\" height=\"118\" src=\"https:\/\/tzalash.org\/wp-content\/uploads\/2023\/03\/quote.png\" class=\"attachment-large size-large wp-image-3642\" alt=\"\" srcset=\"https:\/\/tzalash.org\/wp-content\/uploads\/2023\/03\/quote.png 117w, https:\/\/tzalash.org\/wp-content\/uploads\/2023\/03\/quote-100x100.png 100w, https:\/\/tzalash.org\/wp-content\/uploads\/2023\/03\/quote-64x65.png 64w\" sizes=\"(max-width: 117px) 100vw, 117px\" \/>\t\t\t\t\t\t\t\t\t\t\t\t\t\t\t<\/div>\n\t\t\t\t<\/div>\n\t\t\t\t<div class=\"elementor-element elementor-element-8402294 elementor-hidden-desktop elementor-hidden-tablet elementor-widget elementor-widget-image\" data-id=\"8402294\" data-element_type=\"widget\" data-widget_type=\"image.default\">\n\t\t\t\t<div class=\"elementor-widget-container\">\n\t\t\t\t\t\t\t\t\t\t\t\t\t\t\t<img decoding=\"async\" width=\"117\" height=\"118\" src=\"https:\/\/tzalash.org\/wp-content\/uploads\/2023\/03\/quote.png\" class=\"attachment-large size-large wp-image-3642\" alt=\"\" srcset=\"https:\/\/tzalash.org\/wp-content\/uploads\/2023\/03\/quote.png 117w, https:\/\/tzalash.org\/wp-content\/uploads\/2023\/03\/quote-100x100.png 100w, https:\/\/tzalash.org\/wp-content\/uploads\/2023\/03\/quote-64x65.png 64w\" sizes=\"(max-width: 117px) 100vw, 117px\" \/>\t\t\t\t\t\t\t\t\t\t\t\t\t\t\t<\/div>\n\t\t\t\t<\/div>\n\t\t\t\t<div class=\"elementor-element elementor-element-90836e8 impact-text elementor-widget elementor-widget-text-editor\" data-id=\"90836e8\" data-element_type=\"widget\" data-widget_type=\"text-editor.default\">\n\t\t\t\t<div class=\"elementor-widget-container\">\n\t\t\t\t\t\t\t\t\t<p>&#8220;Mi hijo es \u201cmadrij\u201d en Bnei Akivah y asiste a las actividades de Tzalash previas al ej\u00e9rcito, <span style=\"color: rgba(255, 255, 255, 0.7) !important;\">y yo pienso que lo que m\u00e1s lo influye es que el rabino Peretz Einhorn es la persona m\u00e1s alegre sobre la tierra, cuando uno encuentra una persona con tanta alegr\u00eda, el cielo es el l\u00edmite desde el punto de vista del estudio de la Tor\u00e1&#8221;<\/span><\/p>\n<p>Rina <span style=\"color: #eab53e !important;\">\/\/<\/span> <span style=\"color: rgba(255, 255, 255, 0.7) !important;\">madre de Eitan<\/span><\/p>\n\t\t\t\t\t\t\t\t<\/div>\n\t\t\t\t<\/div>\n\t\t\t\t\t<\/div>\n\t\t<\/div>\n\t\t\t\t\t<\/div>\n\t\t<\/section>\n\t\t\t\t<section class=\"elementor-section elementor-inner-section elementor-element elementor-element-b680a95 elementor-section-full_width elementor-section-height-default elementor-section-height-default\" data-id=\"b680a95\" data-element_type=\"section\" data-settings=\"{&quot;background_background&quot;:&quot;classic&quot;,&quot;jet_parallax_layout_list&quot;:[]}\">\n\t\t\t\t\t\t<div class=\"elementor-container elementor-column-gap-default\">\n\t\t\t\t\t<div class=\"elementor-column elementor-col-100 elementor-inner-column elementor-element elementor-element-bc17797\" data-id=\"bc17797\" data-element_type=\"column\">\n\t\t\t<div class=\"elementor-widget-wrap elementor-element-populated\">\n\t\t\t\t\t\t<div class=\"elementor-element elementor-element-6051f0d elementor-absolute elementor-hidden-mobile elementor-widget elementor-widget-image\" data-id=\"6051f0d\" data-element_type=\"widget\" data-settings=\"{&quot;_position&quot;:&quot;absolute&quot;}\" data-widget_type=\"image.default\">\n\t\t\t\t<div class=\"elementor-widget-container\">\n\t\t\t\t\t\t\t\t\t\t\t\t\t\t\t<img decoding=\"async\" width=\"117\" height=\"118\" src=\"https:\/\/tzalash.org\/wp-content\/uploads\/2023\/03\/quote.png\" class=\"attachment-large size-large wp-image-3642\" alt=\"\" srcset=\"https:\/\/tzalash.org\/wp-content\/uploads\/2023\/03\/quote.png 117w, https:\/\/tzalash.org\/wp-content\/uploads\/2023\/03\/quote-100x100.png 100w, https:\/\/tzalash.org\/wp-content\/uploads\/2023\/03\/quote-64x65.png 64w\" sizes=\"(max-width: 117px) 100vw, 117px\" \/>\t\t\t\t\t\t\t\t\t\t\t\t\t\t\t<\/div>\n\t\t\t\t<\/div>\n\t\t\t\t<div class=\"elementor-element elementor-element-260e8ff elementor-hidden-desktop elementor-hidden-tablet elementor-widget elementor-widget-image\" data-id=\"260e8ff\" data-element_type=\"widget\" data-widget_type=\"image.default\">\n\t\t\t\t<div class=\"elementor-widget-container\">\n\t\t\t\t\t\t\t\t\t\t\t\t\t\t\t<img decoding=\"async\" width=\"117\" height=\"118\" src=\"https:\/\/tzalash.org\/wp-content\/uploads\/2023\/03\/quote.png\" class=\"attachment-large size-large wp-image-3642\" alt=\"\" srcset=\"https:\/\/tzalash.org\/wp-content\/uploads\/2023\/03\/quote.png 117w, https:\/\/tzalash.org\/wp-content\/uploads\/2023\/03\/quote-100x100.png 100w, https:\/\/tzalash.org\/wp-content\/uploads\/2023\/03\/quote-64x65.png 64w\" sizes=\"(max-width: 117px) 100vw, 117px\" \/>\t\t\t\t\t\t\t\t\t\t\t\t\t\t\t<\/div>\n\t\t\t\t<\/div>\n\t\t\t\t<div class=\"elementor-element elementor-element-a3f101c impact-text elementor-widget__width-initial elementor-widget-tablet__width-inherit elementor-widget elementor-widget-text-editor\" data-id=\"a3f101c\" data-element_type=\"widget\" data-widget_type=\"text-editor.default\">\n\t\t\t\t<div class=\"elementor-widget-container\">\n\t\t\t\t\t\t\t\t\t<span style=\"color: rgba(255, 255, 255, 0.7) !important;\">La adolescencia y la edad del ej\u00e9rcito son edades cr\u00edticas en las que si uno invierte, se construyen fundamentos de liderazgo para el Pueblo de Israel.<\/span> Esto es lo que hace Tzalash\u00bb\n<br><br>Dani <span style=\"color: #eab53e !important;\">\/\/<\/span> <span style=\"color: rgba(255, 255, 255, 0.7) !important;\">padre de Benji<\/span>\t\t\t\t\t\t\t\t<\/div>\n\t\t\t\t<\/div>\n\t\t\t\t\t<\/div>\n\t\t<\/div>\n\t\t\t\t\t<\/div>\n\t\t<\/section>\n\t\t\t\t\t<\/div>\n\t\t<\/div>\n\t\t\t\t\t<\/div>\n\t\t<\/section>\n\t\t\t\t<section class=\"elementor-section elementor-top-section elementor-element elementor-element-9a9a342 elementor-section-full_width elementor-section-height-default elementor-section-height-default\" data-id=\"9a9a342\" data-element_type=\"section\" data-settings=\"{&quot;background_background&quot;:&quot;classic&quot;,&quot;jet_parallax_layout_list&quot;:[]}\">\n\t\t\t\t\t\t<div class=\"elementor-container elementor-column-gap-default\">\n\t\t\t\t\t<div class=\"elementor-column elementor-col-33 elementor-top-column elementor-element elementor-element-41bf336 left-col-for-shadow\" data-id=\"41bf336\" data-element_type=\"column\" data-settings=\"{&quot;background_background&quot;:&quot;classic&quot;}\">\n\t\t\t<div class=\"elementor-widget-wrap elementor-element-populated\">\n\t\t\t\t\t\t\t<\/div>\n\t\t<\/div>\n\t\t\t\t<div class=\"elementor-column elementor-col-33 elementor-top-column elementor-element elementor-element-da9e725\" data-id=\"da9e725\" data-element_type=\"column\">\n\t\t\t<div class=\"elementor-widget-wrap elementor-element-populated\">\n\t\t\t\t\t\t<div class=\"elementor-element elementor-element-c949654 elementor-widget__width-initial tzalash elementor-widget elementor-widget-heading\" data-id=\"c949654\" data-element_type=\"widget\" data-widget_type=\"heading.default\">\n\t\t\t\t<div class=\"elementor-widget-container\">\n\t\t\t\t\t<h1 class=\"elementor-heading-title elementor-size-default\">Fortalecemos y empoderamos a los soldados en todos lados.<\/h1>\t\t\t\t<\/div>\n\t\t\t\t<\/div>\n\t\t\t\t<div class=\"elementor-element elementor-element-f45c1bc elementor-align-center elementor-widget elementor-widget-button\" data-id=\"f45c1bc\" data-element_type=\"widget\" data-widget_type=\"button.default\">\n\t\t\t\t<div class=\"elementor-widget-container\">\n\t\t\t\t\t\t\t\t\t<div class=\"elementor-button-wrapper\">\n\t\t\t\t\t<a class=\"elementor-button elementor-button-link elementor-size-sm\" href=\"https:\/\/tzalash.org\/donation\/\">\n\t\t\t\t\t\t<span class=\"elementor-button-content-wrapper\">\n\t\t\t\t\t\t\t\t\t<span class=\"elementor-button-text\">Donaciones<\/span>\n\t\t\t\t\t<\/span>\n\t\t\t\t\t<\/a>\n\t\t\t\t<\/div>\n\t\t\t\t\t\t\t\t<\/div>\n\t\t\t\t<\/div>\n\t\t\t\t\t<\/div>\n\t\t<\/div>\n\t\t\t\t<div class=\"elementor-column elementor-col-33 elementor-top-column elementor-element elementor-element-a103333 right-col-for-shadow\" data-id=\"a103333\" data-element_type=\"column\" data-settings=\"{&quot;background_background&quot;:&quot;classic&quot;}\">\n\t\t\t<div class=\"elementor-widget-wrap elementor-element-populated\">\n\t\t\t\t\t\t\t<\/div>\n\t\t<\/div>\n\t\t\t\t\t<\/div>\n\t\t<\/section>\n\t\t\t\t<\/div>\n\t\t","protected":false},"excerpt":{"rendered":"<p>Tzalash: Previo al ej\u00e9rcito A partir de la amplia experiencia que acumulamos a lo largo de los a\u00f1os, llegamos a la conclusi\u00f3n que es necesario comenzar la relaci\u00f3n con los futuros soldados ya desde 4to y 5to a\u00f1o para prepararlos y alentarlos a enrolarse a un servicio significativo y como preparaci\u00f3n para un periodo de [&hellip;]<\/p>\n","protected":false},"author":3,"featured_media":0,"parent":0,"menu_order":0,"comment_status":"closed","ping_status":"closed","template":"","meta":{"_acf_changed":false,"site-sidebar-layout":"no-sidebar","site-content-layout":"page-builder","ast-site-content-layout":"","site-content-style":"default","site-sidebar-style":"default","ast-global-header-display":"","ast-banner-title-visibility":"","ast-main-header-display":"","ast-hfb-above-header-display":"","ast-hfb-below-header-display":"","ast-hfb-mobile-header-display":"","site-post-title":"disabled","ast-breadcrumbs-content":"","ast-featured-img":"disabled","footer-sml-layout":"","theme-transparent-header-meta":"","adv-header-id-meta":"","stick-header-meta":"","header-above-stick-meta":"","header-main-stick-meta":"","header-below-stick-meta":"","astra-migrate-meta-layouts":"default","ast-page-background-enabled":"default","ast-page-background-meta":{"desktop":{"background-color":"","background-image":"","background-repeat":"repeat","background-position":"center center","background-size":"auto","background-attachment":"scroll","background-type":"","background-media":"","overlay-type":"","overlay-color":"","overlay-opacity":"","overlay-gradient":""},"tablet":{"background-color":"","background-image":"","background-repeat":"repeat","background-position":"center center","background-size":"auto","background-attachment":"scroll","background-type":"","background-media":"","overlay-type":"","overlay-color":"","overlay-opacity":"","overlay-gradient":""},"mobile":{"background-color":"","background-image":"","background-repeat":"repeat","background-position":"center center","background-size":"auto","background-attachment":"scroll","background-type":"","background-media":"","overlay-type":"","overlay-color":"","overlay-opacity":"","overlay-gradient":""}},"ast-content-background-meta":{"desktop":{"background-color":"var(--ast-global-color-5)","background-image":"","background-repeat":"repeat","background-position":"center center","background-size":"auto","background-attachment":"scroll","background-type":"","background-media":"","overlay-type":"","overlay-color":"","overlay-opacity":"","overlay-gradient":""},"tablet":{"background-color":"var(--ast-global-color-5)","background-image":"","background-repeat":"repeat","background-position":"center center","background-size":"auto","background-attachment":"scroll","background-type":"","background-media":"","overlay-type":"","overlay-color":"","overlay-opacity":"","overlay-gradient":""},"mobile":{"background-color":"var(--ast-global-color-5)","background-image":"","background-repeat":"repeat","background-position":"center center","background-size":"auto","background-attachment":"scroll","background-type":"","background-media":"","overlay-type":"","overlay-color":"","overlay-opacity":"","overlay-gradient":""}},"footnotes":""},"class_list":["post-43476","page","type-page","status-publish","hentry"],"acf":[],"_links":{"self":[{"href":"https:\/\/tzalash.org\/es\/wp-json\/wp\/v2\/pages\/43476","targetHints":{"allow":["GET"]}}],"collection":[{"href":"https:\/\/tzalash.org\/es\/wp-json\/wp\/v2\/pages"}],"about":[{"href":"https:\/\/tzalash.org\/es\/wp-json\/wp\/v2\/types\/page"}],"author":[{"embeddable":true,"href":"https:\/\/tzalash.org\/es\/wp-json\/wp\/v2\/users\/3"}],"replies":[{"embeddable":true,"href":"https:\/\/tzalash.org\/es\/wp-json\/wp\/v2\/comments?post=43476"}],"version-history":[{"count":1,"href":"https:\/\/tzalash.org\/es\/wp-json\/wp\/v2\/pages\/43476\/revisions"}],"predecessor-version":[{"id":43477,"href":"https:\/\/tzalash.org\/es\/wp-json\/wp\/v2\/pages\/43476\/revisions\/43477"}],"wp:attachment":[{"href":"https:\/\/tzalash.org\/es\/wp-json\/wp\/v2\/media?parent=43476"}],"curies":[{"name":"wp","href":"https:\/\/api.w.org\/{rel}","templated":true}]}}