{"id":43470,"date":"2023-02-26T09:42:31","date_gmt":"2023-02-26T09:42:31","guid":{"rendered":"https:\/\/tzalash.org\/liderazgo\/rabino-peretz-einhorn\/"},"modified":"2025-03-30T09:17:27","modified_gmt":"2025-03-30T09:17:27","slug":"rabino-peretz-einhorn","status":"publish","type":"page","link":"https:\/\/tzalash.org\/es\/liderazgo\/rabino-peretz-einhorn\/","title":{"rendered":"Rabino Peretz Einhorn"},"content":{"rendered":"\t\t<div data-elementor-type=\"wp-page\" data-elementor-id=\"43470\" class=\"elementor elementor-43470 elementor-1774\" data-elementor-post-type=\"page\">\n\t\t\t\t\t\t<section class=\"elementor-section elementor-top-section elementor-element elementor-element-07f16da elementor-section-content-middle elementor-section-boxed elementor-section-height-default elementor-section-height-default\" data-id=\"07f16da\" data-element_type=\"section\" data-settings=\"{&quot;jet_parallax_layout_list&quot;:[]}\">\n\t\t\t\t\t\t<div class=\"elementor-container elementor-column-gap-default\">\n\t\t\t\t\t<div class=\"elementor-column elementor-col-50 elementor-top-column elementor-element elementor-element-e35bf46\" data-id=\"e35bf46\" data-element_type=\"column\">\n\t\t\t<div class=\"elementor-widget-wrap elementor-element-populated\">\n\t\t\t\t\t\t<div class=\"elementor-element elementor-element-9b1fdfc member-img elementor-widget elementor-widget-image\" data-id=\"9b1fdfc\" data-element_type=\"widget\" data-widget_type=\"image.default\">\n\t\t\t\t<div class=\"elementor-widget-container\">\n\t\t\t\t\t\t\t\t\t\t\t\t\t\t\t<img fetchpriority=\"high\" decoding=\"async\" width=\"320\" height=\"214\" src=\"https:\/\/tzalash.org\/wp-content\/uploads\/2023\/02\/Rabbi-Peretz-1.jpg\" class=\"attachment-large size-large wp-image-2050\" alt=\"\" srcset=\"https:\/\/tzalash.org\/wp-content\/uploads\/2023\/02\/Rabbi-Peretz-1.jpg 320w, https:\/\/tzalash.org\/wp-content\/uploads\/2023\/02\/Rabbi-Peretz-1-64x43.jpg 64w, https:\/\/tzalash.org\/wp-content\/uploads\/2023\/02\/Rabbi-Peretz-1-300x201.jpg 300w\" sizes=\"(max-width: 320px) 100vw, 320px\" \/>\t\t\t\t\t\t\t\t\t\t\t\t\t\t\t<\/div>\n\t\t\t\t<\/div>\n\t\t\t\t\t<\/div>\n\t\t<\/div>\n\t\t\t\t<div class=\"elementor-column elementor-col-50 elementor-top-column elementor-element elementor-element-a6084f9\" data-id=\"a6084f9\" data-element_type=\"column\">\n\t\t\t<div class=\"elementor-widget-wrap elementor-element-populated\">\n\t\t\t\t\t\t<div class=\"elementor-element elementor-element-5950c01 elementor-widget__width-initial elementor-widget elementor-widget-heading\" data-id=\"5950c01\" data-element_type=\"widget\" data-widget_type=\"heading.default\">\n\t\t\t\t<div class=\"elementor-widget-container\">\n\t\t\t\t\t<h1 class=\"elementor-heading-title elementor-size-default\">Rabino Peretz Einhorn <\/h1>\t\t\t\t<\/div>\n\t\t\t\t<\/div>\n\t\t\t\t<div class=\"elementor-element elementor-element-3d4bf93 elementor-widget elementor-widget-text-editor\" data-id=\"3d4bf93\" data-element_type=\"widget\" data-widget_type=\"text-editor.default\">\n\t\t\t\t<div class=\"elementor-widget-container\">\n\t\t\t\t\t\t\t\t\t<p>Fundador y presidente<\/p>\n\t\t\t\t\t\t\t\t<\/div>\n\t\t\t\t<\/div>\n\t\t\t\t<div class=\"elementor-element elementor-element-af9094d elementor-position-left elementor-mobile-position-left elementor-view-default elementor-widget elementor-widget-icon-box\" data-id=\"af9094d\" data-element_type=\"widget\" data-widget_type=\"icon-box.default\">\n\t\t\t\t<div class=\"elementor-widget-container\">\n\t\t\t\t\t\t\t<div class=\"elementor-icon-box-wrapper\">\n\n\t\t\t\t\t\t<div class=\"elementor-icon-box-icon\">\n\t\t\t\t<a href=\"tel:252-569-6143\" class=\"elementor-icon\" tabindex=\"-1\" aria-label=\"+972-52-569-6143\">\n\t\t\t\t<svg xmlns=\"http:\/\/www.w3.org\/2000\/svg\" width=\"19\" height=\"19\" viewBox=\"0 0 19 19\" fill=\"none\"><path d=\"M15.8157 3.46133C14.1323 1.77383 11.8903 0.845703 9.5077 0.845703C4.58984 0.845703 0.588058 4.84749 0.588058 9.76535C0.588058 11.3363 0.99788 12.8711 1.77734 14.2252L0.511719 18.8457L5.24074 17.6042C6.54252 18.3153 8.00904 18.689 9.50368 18.689H9.5077C14.4215 18.689 18.5117 14.6872 18.5117 9.76936C18.5117 7.38678 17.4992 5.14883 15.8157 3.46133ZM9.5077 17.1863C8.17377 17.1863 6.86797 16.8287 5.73092 16.1537L5.46172 15.993L2.65725 16.7283L3.40458 13.9921L3.22779 13.7109C2.48449 12.5296 2.09475 11.1676 2.09475 9.76535C2.09475 5.67918 5.42154 2.3524 9.51172 2.3524C11.4925 2.3524 13.3528 3.12383 14.751 4.52606C16.1492 5.92829 17.009 7.78856 17.005 9.76936C17.005 13.8595 13.5939 17.1863 9.5077 17.1863ZM13.5738 11.6336C13.3528 11.5211 12.2559 10.9828 12.051 10.9104C11.8461 10.8341 11.6974 10.7979 11.5488 11.0229C11.4001 11.2479 10.9742 11.7461 10.8416 11.8988C10.7131 12.0475 10.5805 12.0676 10.3595 11.9551C9.04967 11.3002 8.18984 10.7859 7.326 9.30329C7.09699 8.90954 7.55502 8.93767 7.98092 8.08588C8.05324 7.93722 8.01708 7.80865 7.96083 7.69615C7.90458 7.58365 7.45859 6.48677 7.27377 6.04079C7.09297 5.60686 6.90815 5.66713 6.77154 5.6591C6.64297 5.65106 6.49431 5.65106 6.34565 5.65106C6.19699 5.65106 5.95591 5.70731 5.751 5.92829C5.54609 6.15329 4.97154 6.69169 4.97154 7.78856C4.97154 8.88544 5.77109 9.94615 5.87958 10.0948C5.99208 10.2435 7.45056 12.4935 9.6885 13.4618C11.1028 14.0725 11.6573 14.1247 12.3644 14.0203C12.7943 13.956 13.6823 13.4819 13.8671 12.9595C14.0519 12.4372 14.0519 11.9912 13.9956 11.8988C13.9434 11.7984 13.7948 11.7421 13.5738 11.6336Z\" fill=\"white\"><\/path><\/svg>\t\t\t\t<\/a>\n\t\t\t<\/div>\n\t\t\t\n\t\t\t\t\t\t<div class=\"elementor-icon-box-content\">\n\n\t\t\t\t\t\t\t\t\t<h3 class=\"elementor-icon-box-title\">\n\t\t\t\t\t\t<a href=\"tel:252-569-6143\" >\n\t\t\t\t\t\t\t+972-52-569-6143\t\t\t\t\t\t<\/a>\n\t\t\t\t\t<\/h3>\n\t\t\t\t\n\t\t\t\t\n\t\t\t<\/div>\n\t\t\t\n\t\t<\/div>\n\t\t\t\t\t\t<\/div>\n\t\t\t\t<\/div>\n\t\t\t\t<div class=\"elementor-element elementor-element-29e8c66 learn-more-btn elementor-widget elementor-widget-button\" data-id=\"29e8c66\" data-element_type=\"widget\" data-widget_type=\"button.default\">\n\t\t\t\t<div class=\"elementor-widget-container\">\n\t\t\t\t\t\t\t\t\t<div class=\"elementor-button-wrapper\">\n\t\t\t\t\t<a class=\"elementor-button elementor-button-link elementor-size-sm\" href=\"https:\/\/tzalash.org\/contact\/\">\n\t\t\t\t\t\t<span class=\"elementor-button-content-wrapper\">\n\t\t\t\t\t\t\t\t\t<span class=\"elementor-button-text\">Enviar un correo electr\u00f3nico<\/span>\n\t\t\t\t\t<\/span>\n\t\t\t\t\t<\/a>\n\t\t\t\t<\/div>\n\t\t\t\t\t\t\t\t<\/div>\n\t\t\t\t<\/div>\n\t\t\t\t\t<\/div>\n\t\t<\/div>\n\t\t\t\t\t<\/div>\n\t\t<\/section>\n\t\t\t\t<section class=\"elementor-section elementor-top-section elementor-element elementor-element-cf44068 elementor-section-full_width scroll-sec elementor-hidden-mobile elementor-section-height-default elementor-section-height-default\" data-id=\"cf44068\" data-element_type=\"section\" data-settings=\"{&quot;jet_parallax_layout_list&quot;:[]}\">\n\t\t\t\t\t\t<div class=\"elementor-container elementor-column-gap-default\">\n\t\t\t\t\t<div class=\"elementor-column elementor-col-100 elementor-top-column elementor-element elementor-element-1735629\" data-id=\"1735629\" data-element_type=\"column\">\n\t\t\t<div class=\"elementor-widget-wrap elementor-element-populated\">\n\t\t\t\t\t\t<section class=\"elementor-section elementor-inner-section elementor-element elementor-element-9336fb1 scroll-row elementor-section-full_width elementor-section-height-default elementor-section-height-default\" data-id=\"9336fb1\" data-element_type=\"section\" data-settings=\"{&quot;jet_parallax_layout_list&quot;:[]}\">\n\t\t\t\t\t\t<div class=\"elementor-container elementor-column-gap-default\">\n\t\t\t\t\t<div class=\"elementor-column elementor-col-100 elementor-inner-column elementor-element elementor-element-d24db31\" data-id=\"d24db31\" data-element_type=\"column\">\n\t\t\t<div class=\"elementor-widget-wrap elementor-element-populated\">\n\t\t\t\t\t\t<div class=\"elementor-element elementor-element-5778ab8 scrrol-text e-transform elementor-widget elementor-widget-text-editor\" data-id=\"5778ab8\" data-element_type=\"widget\" data-settings=\"{&quot;_transform_rotateZ_effect&quot;:{&quot;unit&quot;:&quot;px&quot;,&quot;size&quot;:-90,&quot;sizes&quot;:[]},&quot;_transform_rotateZ_effect_tablet&quot;:{&quot;unit&quot;:&quot;deg&quot;,&quot;size&quot;:&quot;&quot;,&quot;sizes&quot;:[]},&quot;_transform_rotateZ_effect_mobile&quot;:{&quot;unit&quot;:&quot;deg&quot;,&quot;size&quot;:&quot;&quot;,&quot;sizes&quot;:[]}}\" data-widget_type=\"text-editor.default\">\n\t\t\t\t<div class=\"elementor-widget-container\">\n\t\t\t\t\t\t\t\t\t<p><a href=\"#next\">Scroll<\/a><\/p>\n\t\t\t\t\t\t\t\t<\/div>\n\t\t\t\t<\/div>\n\t\t\t\t<div class=\"elementor-element elementor-element-986475d elementor-widget elementor-widget-image\" data-id=\"986475d\" data-element_type=\"widget\" data-widget_type=\"image.default\">\n\t\t\t\t<div class=\"elementor-widget-container\">\n\t\t\t\t\t\t\t\t\t\t\t\t\t\t\t\t<a href=\"#next\">\n\t\t\t\t\t\t\t<img decoding=\"async\" width=\"3\" height=\"145\" src=\"https:\/\/tzalash.org\/wp-content\/uploads\/2023\/02\/scroll-line.png\" class=\"attachment-large size-large wp-image-625\" alt=\"\" \/>\t\t\t\t\t\t\t\t<\/a>\n\t\t\t\t\t\t\t\t\t\t\t\t\t\t\t<\/div>\n\t\t\t\t<\/div>\n\t\t\t\t\t<\/div>\n\t\t<\/div>\n\t\t\t\t\t<\/div>\n\t\t<\/section>\n\t\t\t\t\t<\/div>\n\t\t<\/div>\n\t\t\t\t\t<\/div>\n\t\t<\/section>\n\t\t\t\t<section class=\"elementor-section elementor-top-section elementor-element elementor-element-474e888 elementor-section-boxed elementor-section-height-default elementor-section-height-default\" data-id=\"474e888\" data-element_type=\"section\" id=\"next\" data-settings=\"{&quot;jet_parallax_layout_list&quot;:[]}\">\n\t\t\t\t\t\t<div class=\"elementor-container elementor-column-gap-default\">\n\t\t\t\t\t<div class=\"elementor-column elementor-col-100 elementor-top-column elementor-element elementor-element-1de8a49\" data-id=\"1de8a49\" data-element_type=\"column\">\n\t\t\t<div class=\"elementor-widget-wrap elementor-element-populated\">\n\t\t\t\t\t\t<div class=\"elementor-element elementor-element-98f870b elementor-widget elementor-widget-text-editor\" data-id=\"98f870b\" data-element_type=\"widget\" data-widget_type=\"text-editor.default\">\n\t\t\t\t<div class=\"elementor-widget-container\">\n\t\t\t\t\t\t\t\t\t<p><span style=\"font-weight: 400;\">Como fundador y presidente de Tzalash, el rabino Peretz Einhorn estuvo involucrado en todas las perspectivas de la organizaci\u00f3n desde sus comienzos. Constituy\u00f3 a la organizaci\u00f3n Tzalash con el objetivo de influir de manera significativa en la vida espiritual y emocional de soldados israel\u00edes y sus familias. En la actualidad, \u201cel rabino Peretz\u201d, como lo llaman afectuosamente, no solo trabaja con el equipo para crear y llevar a cabo la visi\u00f3n de Tzalash, sino que tambi\u00e9n es un orador carism\u00e1tico al que miles de soldados en las bases del ej\u00e9rcito, esperan sus conferencias fijas con ansiedad.   <\/span><\/p>\n<p><span style=\"font-weight: 400;\">El amor del Rabino Peretz por el juda\u00edsmo y el pueblo jud\u00edo es un amor contagioso y no hay duda que le vali\u00f3 la admiraci\u00f3n de rabinos l\u00edderes, militares ejecutivos, soldados llenos de apreciaci\u00f3n junto a sus familias. Su liderazgo y esfuerzo por los soldados obtuvieron reconocimiento en el a\u00f1o 2022 cuando le fue otorgado el prestigioso \u201cPremio de h\u00e9roes de poder\u201d (Pras givorei Hakoah) <\/span><\/p>\n<p><span style=\"font-weight: 400;\">El rabino Einhorn estudi\u00f3 en muchas instituciones \u2013 antes de su servicio militar y posterior a este \u2013 pero su principal inspiraci\u00f3n tom\u00f3 de sus a\u00f1os de permanencia en la Preparatoria Atzmona. Sirvi\u00f3 en la brigada Givati del IDF, como soldado y como oficial, entre los a\u00f1os 2004 y 2007. Despu\u00e9s de su periodo en el ej\u00e9rcito, el rabino Einhorn volvi\u00f3 a Atzmona como para del cuerpo docente, imparti\u00f3 clases de Torah y supervis\u00f3 a los alumnos en su enrolamiento al ej\u00e9rcito.   <\/span><\/p>\n<p><span style=\"font-weight: 400;\">En este periodo, a partir de la visi\u00f3n de los muchos desaf\u00edos a los que se enfrentan los alumnos, fund\u00f3 la organizaci\u00f3n Tzalash en el a\u00f1o 2013. Adem\u00e1s de su trabajo con los soldados, el rabino Peretz da clases fijas en Atzmona y en la Yeshiva de Sderot. <\/span><\/p>\n<p><span style=\"font-weight: 400;\">El rabino Einhorn y su esposa Rachel viven en Raanana y son los orgullosos padres de siete ni\u00f1os.<\/span><\/p>\n\t\t\t\t\t\t\t\t<\/div>\n\t\t\t\t<\/div>\n\t\t\t\t\t<\/div>\n\t\t<\/div>\n\t\t\t\t\t<\/div>\n\t\t<\/section>\n\t\t\t\t<section class=\"elementor-section elementor-top-section elementor-element elementor-element-cd9ac5c elementor-section-full_width elementor-section-height-default elementor-section-height-default\" data-id=\"cd9ac5c\" data-element_type=\"section\" data-settings=\"{&quot;jet_parallax_layout_list&quot;:[]}\">\n\t\t\t\t\t\t<div class=\"elementor-container elementor-column-gap-default\">\n\t\t\t\t\t<div class=\"elementor-column elementor-col-33 elementor-top-column elementor-element elementor-element-1f1bdbc left-col-for-shadow\" data-id=\"1f1bdbc\" data-element_type=\"column\" data-settings=\"{&quot;background_background&quot;:&quot;classic&quot;}\">\n\t\t\t<div class=\"elementor-widget-wrap elementor-element-populated\">\n\t\t\t\t\t\t\t<\/div>\n\t\t<\/div>\n\t\t\t\t<div class=\"elementor-column elementor-col-33 elementor-top-column elementor-element elementor-element-2c8620c\" data-id=\"2c8620c\" data-element_type=\"column\">\n\t\t\t<div class=\"elementor-widget-wrap elementor-element-populated\">\n\t\t\t\t\t\t<div class=\"elementor-element elementor-element-6575e9e elementor-widget elementor-widget-heading\" data-id=\"6575e9e\" data-element_type=\"widget\" data-widget_type=\"heading.default\">\n\t\t\t\t<div class=\"elementor-widget-container\">\n\t\t\t\t\t<h1 class=\"elementor-heading-title elementor-size-default\">Fortalecemos y empoderamos a los soldados en todos lados.<\/h1>\t\t\t\t<\/div>\n\t\t\t\t<\/div>\n\t\t\t\t<div class=\"elementor-element elementor-element-7e02384 elementor-align-center elementor-widget elementor-widget-button\" data-id=\"7e02384\" data-element_type=\"widget\" data-widget_type=\"button.default\">\n\t\t\t\t<div class=\"elementor-widget-container\">\n\t\t\t\t\t\t\t\t\t<div class=\"elementor-button-wrapper\">\n\t\t\t\t\t<a class=\"elementor-button elementor-button-link elementor-size-sm\" href=\"https:\/\/tzalash.org\/donation\/\">\n\t\t\t\t\t\t<span class=\"elementor-button-content-wrapper\">\n\t\t\t\t\t\t\t\t\t<span class=\"elementor-button-text\">Donaciones<\/span>\n\t\t\t\t\t<\/span>\n\t\t\t\t\t<\/a>\n\t\t\t\t<\/div>\n\t\t\t\t\t\t\t\t<\/div>\n\t\t\t\t<\/div>\n\t\t\t\t\t<\/div>\n\t\t<\/div>\n\t\t\t\t<div class=\"elementor-column elementor-col-33 elementor-top-column elementor-element elementor-element-2b1c35f right-col-for-shadow\" data-id=\"2b1c35f\" data-element_type=\"column\" data-settings=\"{&quot;background_background&quot;:&quot;classic&quot;}\">\n\t\t\t<div class=\"elementor-widget-wrap elementor-element-populated\">\n\t\t\t\t\t<div class=\"elementor-background-overlay\"><\/div>\n\t\t\t\t\t\t\t<\/div>\n\t\t<\/div>\n\t\t\t\t\t<\/div>\n\t\t<\/section>\n\t\t\t\t<\/div>\n\t\t","protected":false},"excerpt":{"rendered":"<p>Rabino Peretz Einhorn Fundador y presidente +972-52-569-6143 Enviar un correo electr\u00f3nico Scroll Como fundador y presidente de Tzalash, el rabino Peretz Einhorn estuvo involucrado en todas las perspectivas de la organizaci\u00f3n desde sus comienzos. Constituy\u00f3 a la organizaci\u00f3n Tzalash con el objetivo de influir de manera significativa en la vida espiritual y emocional de soldados [&hellip;]<\/p>\n","protected":false},"author":2,"featured_media":0,"parent":43466,"menu_order":0,"comment_status":"closed","ping_status":"closed","template":"","meta":{"_acf_changed":false,"site-sidebar-layout":"no-sidebar","site-content-layout":"page-builder","ast-site-content-layout":"","site-content-style":"default","site-sidebar-style":"default","ast-global-header-display":"disabled","ast-banner-title-visibility":"","ast-main-header-display":"","ast-hfb-above-header-display":"","ast-hfb-below-header-display":"","ast-hfb-mobile-header-display":"","site-post-title":"disabled","ast-breadcrumbs-content":"","ast-featured-img":"disabled","footer-sml-layout":"disabled","theme-transparent-header-meta":"","adv-header-id-meta":"","stick-header-meta":"","header-above-stick-meta":"","header-main-stick-meta":"","header-below-stick-meta":"","astra-migrate-meta-layouts":"default","ast-page-background-enabled":"default","ast-page-background-meta":{"desktop":{"background-color":"","background-image":"","background-repeat":"repeat","background-position":"center center","background-size":"auto","background-attachment":"scroll","background-type":"","background-media":"","overlay-type":"","overlay-color":"","overlay-opacity":"","overlay-gradient":""},"tablet":{"background-color":"","background-image":"","background-repeat":"repeat","background-position":"center center","background-size":"auto","background-attachment":"scroll","background-type":"","background-media":"","overlay-type":"","overlay-color":"","overlay-opacity":"","overlay-gradient":""},"mobile":{"background-color":"","background-image":"","background-repeat":"repeat","background-position":"center center","background-size":"auto","background-attachment":"scroll","background-type":"","background-media":"","overlay-type":"","overlay-color":"","overlay-opacity":"","overlay-gradient":""}},"ast-content-background-meta":{"desktop":{"background-color":"var(--ast-global-color-5)","background-image":"","background-repeat":"repeat","background-position":"center center","background-size":"auto","background-attachment":"scroll","background-type":"","background-media":"","overlay-type":"","overlay-color":"","overlay-opacity":"","overlay-gradient":""},"tablet":{"background-color":"var(--ast-global-color-5)","background-image":"","background-repeat":"repeat","background-position":"center center","background-size":"auto","background-attachment":"scroll","background-type":"","background-media":"","overlay-type":"","overlay-color":"","overlay-opacity":"","overlay-gradient":""},"mobile":{"background-color":"var(--ast-global-color-5)","background-image":"","background-repeat":"repeat","background-position":"center center","background-size":"auto","background-attachment":"scroll","background-type":"","background-media":"","overlay-type":"","overlay-color":"","overlay-opacity":"","overlay-gradient":""}},"footnotes":""},"class_list":["post-43470","page","type-page","status-publish","hentry"],"acf":[],"_links":{"self":[{"href":"https:\/\/tzalash.org\/es\/wp-json\/wp\/v2\/pages\/43470","targetHints":{"allow":["GET"]}}],"collection":[{"href":"https:\/\/tzalash.org\/es\/wp-json\/wp\/v2\/pages"}],"about":[{"href":"https:\/\/tzalash.org\/es\/wp-json\/wp\/v2\/types\/page"}],"author":[{"embeddable":true,"href":"https:\/\/tzalash.org\/es\/wp-json\/wp\/v2\/users\/2"}],"replies":[{"embeddable":true,"href":"https:\/\/tzalash.org\/es\/wp-json\/wp\/v2\/comments?post=43470"}],"version-history":[{"count":1,"href":"https:\/\/tzalash.org\/es\/wp-json\/wp\/v2\/pages\/43470\/revisions"}],"predecessor-version":[{"id":43471,"href":"https:\/\/tzalash.org\/es\/wp-json\/wp\/v2\/pages\/43470\/revisions\/43471"}],"up":[{"embeddable":true,"href":"https:\/\/tzalash.org\/es\/wp-json\/wp\/v2\/pages\/43466"}],"wp:attachment":[{"href":"https:\/\/tzalash.org\/es\/wp-json\/wp\/v2\/media?parent=43470"}],"curies":[{"name":"wp","href":"https:\/\/api.w.org\/{rel}","templated":true}]}}