{"id":43468,"date":"2023-02-23T12:17:42","date_gmt":"2023-02-23T12:17:42","guid":{"rendered":"https:\/\/tzalash.org\/liderazgo\/rabino-dovid-gottlieb\/"},"modified":"2025-03-30T09:15:17","modified_gmt":"2025-03-30T09:15:17","slug":"rabino-dovid-gottlieb","status":"publish","type":"page","link":"https:\/\/tzalash.org\/es\/liderazgo\/rabino-dovid-gottlieb\/","title":{"rendered":"Rabino Dovid Gottlieb"},"content":{"rendered":"\t\t<div data-elementor-type=\"wp-page\" data-elementor-id=\"43468\" class=\"elementor elementor-43468 elementor-863\" data-elementor-post-type=\"page\">\n\t\t\t\t\t\t<section class=\"elementor-section elementor-top-section elementor-element elementor-element-07f16da elementor-section-content-middle elementor-section-boxed elementor-section-height-default elementor-section-height-default\" data-id=\"07f16da\" data-element_type=\"section\" data-settings=\"{&quot;jet_parallax_layout_list&quot;:[]}\">\n\t\t\t\t\t\t<div class=\"elementor-container elementor-column-gap-default\">\n\t\t\t\t\t<div class=\"elementor-column elementor-col-50 elementor-top-column elementor-element elementor-element-e35bf46\" data-id=\"e35bf46\" data-element_type=\"column\">\n\t\t\t<div class=\"elementor-widget-wrap elementor-element-populated\">\n\t\t\t\t\t\t<div class=\"elementor-element elementor-element-9b1fdfc member-img elementor-widget elementor-widget-image\" data-id=\"9b1fdfc\" data-element_type=\"widget\" data-widget_type=\"image.default\">\n\t\t\t\t<div class=\"elementor-widget-container\">\n\t\t\t\t\t\t\t\t\t\t\t\t\t\t\t<img fetchpriority=\"high\" decoding=\"async\" width=\"609\" height=\"585\" src=\"https:\/\/tzalash.org\/wp-content\/uploads\/2023\/02\/Rabbi\u2028Dovid.jpg\" class=\"attachment-large size-large wp-image-865\" alt=\"\" srcset=\"https:\/\/tzalash.org\/wp-content\/uploads\/2023\/02\/Rabbi\u2028Dovid.jpg 609w, https:\/\/tzalash.org\/wp-content\/uploads\/2023\/02\/Rabbi\u2028Dovid-64x61.jpg 64w, https:\/\/tzalash.org\/wp-content\/uploads\/2023\/02\/Rabbi\u2028Dovid-600x576.jpg 600w, https:\/\/tzalash.org\/wp-content\/uploads\/2023\/02\/Rabbi\u2028Dovid-300x288.jpg 300w\" sizes=\"(max-width: 609px) 100vw, 609px\" \/>\t\t\t\t\t\t\t\t\t\t\t\t\t\t\t<\/div>\n\t\t\t\t<\/div>\n\t\t\t\t\t<\/div>\n\t\t<\/div>\n\t\t\t\t<div class=\"elementor-column elementor-col-50 elementor-top-column elementor-element elementor-element-a6084f9\" data-id=\"a6084f9\" data-element_type=\"column\">\n\t\t\t<div class=\"elementor-widget-wrap elementor-element-populated\">\n\t\t\t\t\t\t<div class=\"elementor-element elementor-element-5950c01 elementor-widget__width-initial elementor-widget elementor-widget-heading\" data-id=\"5950c01\" data-element_type=\"widget\" data-widget_type=\"heading.default\">\n\t\t\t\t<div class=\"elementor-widget-container\">\n\t\t\t\t\t<h1 class=\"elementor-heading-title elementor-size-default\">Rabino Dovid Gottlieb\n\n<\/h1>\t\t\t\t<\/div>\n\t\t\t\t<\/div>\n\t\t\t\t<div class=\"elementor-element elementor-element-3d4bf93 elementor-widget elementor-widget-text-editor\" data-id=\"3d4bf93\" data-element_type=\"widget\" data-widget_type=\"text-editor.default\">\n\t\t\t\t<div class=\"elementor-widget-container\">\n\t\t\t\t\t\t\t\t\t<p>Director de la organizaci\u00f3n<\/p>\n\t\t\t\t\t\t\t\t<\/div>\n\t\t\t\t<\/div>\n\t\t\t\t<section class=\"elementor-section elementor-inner-section elementor-element elementor-element-6756e3d elementor-section-boxed elementor-section-height-default elementor-section-height-default\" data-id=\"6756e3d\" data-element_type=\"section\" data-settings=\"{&quot;jet_parallax_layout_list&quot;:[]}\">\n\t\t\t\t\t\t<div class=\"elementor-container elementor-column-gap-default\">\n\t\t\t\t\t<div class=\"elementor-column elementor-col-50 elementor-inner-column elementor-element elementor-element-8a0740d\" data-id=\"8a0740d\" data-element_type=\"column\">\n\t\t\t<div class=\"elementor-widget-wrap elementor-element-populated\">\n\t\t\t\t\t\t<div class=\"elementor-element elementor-element-ffdd07e elementor-position-left elementor-mobile-position-left elementor-view-default elementor-widget elementor-widget-icon-box\" data-id=\"ffdd07e\" data-element_type=\"widget\" data-widget_type=\"icon-box.default\">\n\t\t\t\t<div class=\"elementor-widget-container\">\n\t\t\t\t\t\t\t<div class=\"elementor-icon-box-wrapper\">\n\n\t\t\t\t\t\t<div class=\"elementor-icon-box-icon\">\n\t\t\t\t<a href=\"https:\/\/wa.me\/972525696143\" class=\"elementor-icon\" tabindex=\"-1\" aria-label=\"+972-52-5696143\">\n\t\t\t\t<svg xmlns=\"http:\/\/www.w3.org\/2000\/svg\" width=\"19\" height=\"19\" viewBox=\"0 0 19 19\" fill=\"none\"><path d=\"M15.8157 3.46133C14.1323 1.77383 11.8903 0.845703 9.5077 0.845703C4.58984 0.845703 0.588058 4.84749 0.588058 9.76535C0.588058 11.3363 0.99788 12.8711 1.77734 14.2252L0.511719 18.8457L5.24074 17.6042C6.54252 18.3153 8.00904 18.689 9.50368 18.689H9.5077C14.4215 18.689 18.5117 14.6872 18.5117 9.76936C18.5117 7.38678 17.4992 5.14883 15.8157 3.46133ZM9.5077 17.1863C8.17377 17.1863 6.86797 16.8287 5.73092 16.1537L5.46172 15.993L2.65725 16.7283L3.40458 13.9921L3.22779 13.7109C2.48449 12.5296 2.09475 11.1676 2.09475 9.76535C2.09475 5.67918 5.42154 2.3524 9.51172 2.3524C11.4925 2.3524 13.3528 3.12383 14.751 4.52606C16.1492 5.92829 17.009 7.78856 17.005 9.76936C17.005 13.8595 13.5939 17.1863 9.5077 17.1863ZM13.5738 11.6336C13.3528 11.5211 12.2559 10.9828 12.051 10.9104C11.8461 10.8341 11.6974 10.7979 11.5488 11.0229C11.4001 11.2479 10.9742 11.7461 10.8416 11.8988C10.7131 12.0475 10.5805 12.0676 10.3595 11.9551C9.04967 11.3002 8.18984 10.7859 7.326 9.30329C7.09699 8.90954 7.55502 8.93767 7.98092 8.08588C8.05324 7.93722 8.01708 7.80865 7.96083 7.69615C7.90458 7.58365 7.45859 6.48677 7.27377 6.04079C7.09297 5.60686 6.90815 5.66713 6.77154 5.6591C6.64297 5.65106 6.49431 5.65106 6.34565 5.65106C6.19699 5.65106 5.95591 5.70731 5.751 5.92829C5.54609 6.15329 4.97154 6.69169 4.97154 7.78856C4.97154 8.88544 5.77109 9.94615 5.87958 10.0948C5.99208 10.2435 7.45056 12.4935 9.6885 13.4618C11.1028 14.0725 11.6573 14.1247 12.3644 14.0203C12.7943 13.956 13.6823 13.4819 13.8671 12.9595C14.0519 12.4372 14.0519 11.9912 13.9956 11.8988C13.9434 11.7984 13.7948 11.7421 13.5738 11.6336Z\" fill=\"white\"><\/path><\/svg>\t\t\t\t<\/a>\n\t\t\t<\/div>\n\t\t\t\n\t\t\t\t\t\t<div class=\"elementor-icon-box-content\">\n\n\t\t\t\t\t\t\t\t\t<h3 class=\"elementor-icon-box-title\">\n\t\t\t\t\t\t<a href=\"https:\/\/wa.me\/972525696143\" >\n\t\t\t\t\t\t\t+972-52-5696143\t\t\t\t\t\t<\/a>\n\t\t\t\t\t<\/h3>\n\t\t\t\t\n\t\t\t\t\n\t\t\t<\/div>\n\t\t\t\n\t\t<\/div>\n\t\t\t\t\t\t<\/div>\n\t\t\t\t<\/div>\n\t\t\t\t\t<\/div>\n\t\t<\/div>\n\t\t\t\t<div class=\"elementor-column elementor-col-50 elementor-inner-column elementor-element elementor-element-7d755d7\" data-id=\"7d755d7\" data-element_type=\"column\">\n\t\t\t<div class=\"elementor-widget-wrap elementor-element-populated\">\n\t\t\t\t\t\t<div class=\"elementor-element elementor-element-3119bab elementor-position-left elementor-mobile-position-left elementor-view-default elementor-widget elementor-widget-icon-box\" data-id=\"3119bab\" data-element_type=\"widget\" data-widget_type=\"icon-box.default\">\n\t\t\t\t<div class=\"elementor-widget-container\">\n\t\t\t\t\t\t\t<div class=\"elementor-icon-box-wrapper\">\n\n\t\t\t\t\t\t<div class=\"elementor-icon-box-icon\">\n\t\t\t\t<a href=\"tel:+1443-692-7442\" class=\"elementor-icon\" tabindex=\"-1\" aria-label=\"Estados Unidos: 443-692-7442\">\n\t\t\t\t<svg aria-hidden=\"true\" class=\"e-font-icon-svg e-fas-phone-alt\" viewBox=\"0 0 512 512\" xmlns=\"http:\/\/www.w3.org\/2000\/svg\"><path d=\"M497.39 361.8l-112-48a24 24 0 0 0-28 6.9l-49.6 60.6A370.66 370.66 0 0 1 130.6 204.11l60.6-49.6a23.94 23.94 0 0 0 6.9-28l-48-112A24.16 24.16 0 0 0 122.6.61l-104 24A24 24 0 0 0 0 48c0 256.5 207.9 464 464 464a24 24 0 0 0 23.4-18.6l24-104a24.29 24.29 0 0 0-14.01-27.6z\"><\/path><\/svg>\t\t\t\t<\/a>\n\t\t\t<\/div>\n\t\t\t\n\t\t\t\t\t\t<div class=\"elementor-icon-box-content\">\n\n\t\t\t\t\t\t\t\t\t<h3 class=\"elementor-icon-box-title\">\n\t\t\t\t\t\t<a href=\"tel:+1443-692-7442\" >\n\t\t\t\t\t\t\tEstados Unidos: 443-692-7442\t\t\t\t\t\t<\/a>\n\t\t\t\t\t<\/h3>\n\t\t\t\t\n\t\t\t\t\n\t\t\t<\/div>\n\t\t\t\n\t\t<\/div>\n\t\t\t\t\t\t<\/div>\n\t\t\t\t<\/div>\n\t\t\t\t\t<\/div>\n\t\t<\/div>\n\t\t\t\t\t<\/div>\n\t\t<\/section>\n\t\t\t\t<div class=\"elementor-element elementor-element-29e8c66 learn-more-btn elementor-widget elementor-widget-button\" data-id=\"29e8c66\" data-element_type=\"widget\" data-widget_type=\"button.default\">\n\t\t\t\t<div class=\"elementor-widget-container\">\n\t\t\t\t\t\t\t\t\t<div class=\"elementor-button-wrapper\">\n\t\t\t\t\t<a class=\"elementor-button elementor-button-link elementor-size-sm\" href=\"https:\/\/tzalash.org\/contact\/\">\n\t\t\t\t\t\t<span class=\"elementor-button-content-wrapper\">\n\t\t\t\t\t\t\t\t\t<span class=\"elementor-button-text\">Enviar un correo electr\u00f3nico<\/span>\n\t\t\t\t\t<\/span>\n\t\t\t\t\t<\/a>\n\t\t\t\t<\/div>\n\t\t\t\t\t\t\t\t<\/div>\n\t\t\t\t<\/div>\n\t\t\t\t\t<\/div>\n\t\t<\/div>\n\t\t\t\t\t<\/div>\n\t\t<\/section>\n\t\t\t\t<section class=\"elementor-section elementor-top-section elementor-element elementor-element-cf44068 elementor-section-full_width scroll-sec elementor-hidden-mobile elementor-section-height-default elementor-section-height-default\" data-id=\"cf44068\" data-element_type=\"section\" data-settings=\"{&quot;jet_parallax_layout_list&quot;:[]}\">\n\t\t\t\t\t\t<div class=\"elementor-container elementor-column-gap-default\">\n\t\t\t\t\t<div class=\"elementor-column elementor-col-100 elementor-top-column elementor-element elementor-element-1735629\" data-id=\"1735629\" data-element_type=\"column\">\n\t\t\t<div class=\"elementor-widget-wrap elementor-element-populated\">\n\t\t\t\t\t\t<section class=\"elementor-section elementor-inner-section elementor-element elementor-element-9336fb1 scroll-row elementor-section-full_width elementor-section-height-default elementor-section-height-default\" data-id=\"9336fb1\" data-element_type=\"section\" data-settings=\"{&quot;jet_parallax_layout_list&quot;:[]}\">\n\t\t\t\t\t\t<div class=\"elementor-container elementor-column-gap-default\">\n\t\t\t\t\t<div class=\"elementor-column elementor-col-100 elementor-inner-column elementor-element elementor-element-d24db31\" data-id=\"d24db31\" data-element_type=\"column\">\n\t\t\t<div class=\"elementor-widget-wrap elementor-element-populated\">\n\t\t\t\t\t\t<div class=\"elementor-element elementor-element-5778ab8 scrrol-text e-transform elementor-widget elementor-widget-text-editor\" data-id=\"5778ab8\" data-element_type=\"widget\" data-settings=\"{&quot;_transform_rotateZ_effect&quot;:{&quot;unit&quot;:&quot;px&quot;,&quot;size&quot;:-90,&quot;sizes&quot;:[]},&quot;_transform_rotateZ_effect_tablet&quot;:{&quot;unit&quot;:&quot;deg&quot;,&quot;size&quot;:&quot;&quot;,&quot;sizes&quot;:[]},&quot;_transform_rotateZ_effect_mobile&quot;:{&quot;unit&quot;:&quot;deg&quot;,&quot;size&quot;:&quot;&quot;,&quot;sizes&quot;:[]}}\" data-widget_type=\"text-editor.default\">\n\t\t\t\t<div class=\"elementor-widget-container\">\n\t\t\t\t\t\t\t\t\t<p><a href=\"#next\">Scroll<\/a><\/p>\n\t\t\t\t\t\t\t\t<\/div>\n\t\t\t\t<\/div>\n\t\t\t\t<div class=\"elementor-element elementor-element-986475d elementor-widget elementor-widget-image\" data-id=\"986475d\" data-element_type=\"widget\" data-widget_type=\"image.default\">\n\t\t\t\t<div class=\"elementor-widget-container\">\n\t\t\t\t\t\t\t\t\t\t\t\t\t\t\t\t<a href=\"#next\">\n\t\t\t\t\t\t\t<img decoding=\"async\" width=\"3\" height=\"145\" src=\"https:\/\/tzalash.org\/wp-content\/uploads\/2023\/02\/scroll-line.png\" class=\"attachment-large size-large wp-image-625\" alt=\"\" \/>\t\t\t\t\t\t\t\t<\/a>\n\t\t\t\t\t\t\t\t\t\t\t\t\t\t\t<\/div>\n\t\t\t\t<\/div>\n\t\t\t\t\t<\/div>\n\t\t<\/div>\n\t\t\t\t\t<\/div>\n\t\t<\/section>\n\t\t\t\t\t<\/div>\n\t\t<\/div>\n\t\t\t\t\t<\/div>\n\t\t<\/section>\n\t\t\t\t<section class=\"elementor-section elementor-top-section elementor-element elementor-element-474e888 elementor-section-boxed elementor-section-height-default elementor-section-height-default\" data-id=\"474e888\" data-element_type=\"section\" id=\"next\" data-settings=\"{&quot;jet_parallax_layout_list&quot;:[]}\">\n\t\t\t\t\t\t<div class=\"elementor-container elementor-column-gap-default\">\n\t\t\t\t\t<div class=\"elementor-column elementor-col-100 elementor-top-column elementor-element elementor-element-1de8a49\" data-id=\"1de8a49\" data-element_type=\"column\">\n\t\t\t<div class=\"elementor-widget-wrap elementor-element-populated\">\n\t\t\t\t\t\t<div class=\"elementor-element elementor-element-98f870b elementor-widget elementor-widget-text-editor\" data-id=\"98f870b\" data-element_type=\"widget\" data-widget_type=\"text-editor.default\">\n\t\t\t\t<div class=\"elementor-widget-container\">\n\t\t\t\t\t\t\t\t\t<p>El rabino Dovid Gottlieb se uni\u00f3 a Tzalash como director de la organizaci\u00f3n en julio de 2021. Antes de unirse a la organizaci\u00f3n Tzalash, el rabino Gottileb aspir\u00f3 por largo tiempo apoyar a los soldados de Israel e incluso escuch\u00f3 por primera vez sobre la organizaci\u00f3n cuando su hijo sirvi\u00f3 en la brigada Kfir de la IDF y disfrut\u00f3 del apoyo de la organizaci\u00f3n. Despu\u00e9s de conocer el apoyo y la asistencia sensacional que el personal de la organizaci\u00f3n Tzalash otorg\u00f3 a su hijo, eligi\u00f3 unirse a la familia de Tzalash para asistir y apoyar a los soldados de la IDF y al Estado de Israel.  <\/p>\n\n<p>Adem\u00e1s de su funci\u00f3n en Tzalash, el rabino Gottlieb es el rabino de la comunidad Haela, una comunidad en crecimiento ubicada en los suburbios de Bet Shemesh. M\u00e1s a\u00fan, da conferencias en la Yeshiva de Har Tzion (Yeshivat Hagush), una yeshiva israel\u00ed l\u00edder que combina el estudio de la Tor\u00e1 con el servicio militar. <\/p>\n<p>Antes de hacer alyah a Israel en agosto de 2010, el rabino Gottlieb actuaba como el rabino de la comunidad \u201cShomrei Emuna\u201d, en Baltimore, Meriland.<\/p>\n<p>El rabino Gottlieb obtuvo su calificaci\u00f3n como rabino de la Yeshiva University, donde era tambi\u00e9n miembro del prestigioso Wexner Kollel Elyon. Adem\u00e1s los muchos art\u00edculos suyos publicados, el rabino Gottlieb es el autor de una serie de libros \u201cE ilumin\u00f3 nuestros ojos\u201d de los cuales ya se han publicado los primeros dos tomos (de una serie planificada de cinco tomos). \u201cE ilumin\u00f3 nuestros ojos\u201d recoge en \u00e9l art\u00edculos sobre la parash\u00e1 de la semana y es divulgado en miles de copias a los soldados de la IDF en todo el pa\u00eds. <\/p>\n<p>El rabino Gottlieb es un orador y maestro muy apreciado que actu\u00f3 como rabino profesor fijo en muchas comunidades en Estados Unidos, Canad\u00e1, Inglaterra, Sud\u00e1frica e Israel.<\/p>\n<p>El rabino Gottlieb est\u00e1 casado con Ilana y tienen cuatro hijos.<\/p>\t\t\t\t\t\t\t\t<\/div>\n\t\t\t\t<\/div>\n\t\t\t\t\t<\/div>\n\t\t<\/div>\n\t\t\t\t\t<\/div>\n\t\t<\/section>\n\t\t\t\t<section class=\"elementor-section elementor-top-section elementor-element elementor-element-cd9ac5c elementor-section-full_width elementor-section-height-default elementor-section-height-default\" data-id=\"cd9ac5c\" data-element_type=\"section\" data-settings=\"{&quot;jet_parallax_layout_list&quot;:[]}\">\n\t\t\t\t\t\t<div class=\"elementor-container elementor-column-gap-default\">\n\t\t\t\t\t<div class=\"elementor-column elementor-col-33 elementor-top-column elementor-element elementor-element-1f1bdbc left-col-for-shadow\" data-id=\"1f1bdbc\" data-element_type=\"column\" data-settings=\"{&quot;background_background&quot;:&quot;classic&quot;}\">\n\t\t\t<div class=\"elementor-widget-wrap elementor-element-populated\">\n\t\t\t\t\t\t\t<\/div>\n\t\t<\/div>\n\t\t\t\t<div class=\"elementor-column elementor-col-33 elementor-top-column elementor-element elementor-element-2c8620c\" data-id=\"2c8620c\" data-element_type=\"column\">\n\t\t\t<div class=\"elementor-widget-wrap elementor-element-populated\">\n\t\t\t\t\t\t<div class=\"elementor-element elementor-element-6575e9e elementor-widget elementor-widget-heading\" data-id=\"6575e9e\" data-element_type=\"widget\" data-widget_type=\"heading.default\">\n\t\t\t\t<div class=\"elementor-widget-container\">\n\t\t\t\t\t<h1 class=\"elementor-heading-title elementor-size-default\">Fortalecemos y empoderamos a los soldados en todos lados.<\/h1>\t\t\t\t<\/div>\n\t\t\t\t<\/div>\n\t\t\t\t<div class=\"elementor-element elementor-element-7e02384 elementor-align-center elementor-widget elementor-widget-button\" data-id=\"7e02384\" data-element_type=\"widget\" data-widget_type=\"button.default\">\n\t\t\t\t<div class=\"elementor-widget-container\">\n\t\t\t\t\t\t\t\t\t<div class=\"elementor-button-wrapper\">\n\t\t\t\t\t<a class=\"elementor-button elementor-button-link elementor-size-sm\" href=\"https:\/\/tzalash.org\/donation\/\">\n\t\t\t\t\t\t<span class=\"elementor-button-content-wrapper\">\n\t\t\t\t\t\t\t\t\t<span class=\"elementor-button-text\">Donaciones<\/span>\n\t\t\t\t\t<\/span>\n\t\t\t\t\t<\/a>\n\t\t\t\t<\/div>\n\t\t\t\t\t\t\t\t<\/div>\n\t\t\t\t<\/div>\n\t\t\t\t\t<\/div>\n\t\t<\/div>\n\t\t\t\t<div class=\"elementor-column elementor-col-33 elementor-top-column elementor-element elementor-element-2b1c35f right-col-for-shadow\" data-id=\"2b1c35f\" data-element_type=\"column\" data-settings=\"{&quot;background_background&quot;:&quot;classic&quot;}\">\n\t\t\t<div class=\"elementor-widget-wrap elementor-element-populated\">\n\t\t\t\t\t\t\t<\/div>\n\t\t<\/div>\n\t\t\t\t\t<\/div>\n\t\t<\/section>\n\t\t\t\t<\/div>\n\t\t","protected":false},"excerpt":{"rendered":"<p>Rabino Dovid Gottlieb Director de la organizaci\u00f3n +972-52-5696143 Estados Unidos: 443-692-7442 Enviar un correo electr\u00f3nico Scroll El rabino Dovid Gottlieb se uni\u00f3 a Tzalash como director de la organizaci\u00f3n en julio de 2021. Antes de unirse a la organizaci\u00f3n Tzalash, el rabino Gottileb aspir\u00f3 por largo tiempo apoyar a los soldados de Israel e incluso [&hellip;]<\/p>\n","protected":false},"author":12,"featured_media":0,"parent":43466,"menu_order":0,"comment_status":"closed","ping_status":"closed","template":"","meta":{"_acf_changed":false,"site-sidebar-layout":"no-sidebar","site-content-layout":"page-builder","ast-site-content-layout":"","site-content-style":"default","site-sidebar-style":"default","ast-global-header-display":"disabled","ast-banner-title-visibility":"","ast-main-header-display":"","ast-hfb-above-header-display":"","ast-hfb-below-header-display":"","ast-hfb-mobile-header-display":"","site-post-title":"disabled","ast-breadcrumbs-content":"","ast-featured-img":"disabled","footer-sml-layout":"disabled","theme-transparent-header-meta":"","adv-header-id-meta":"","stick-header-meta":"","header-above-stick-meta":"","header-main-stick-meta":"","header-below-stick-meta":"","astra-migrate-meta-layouts":"default","ast-page-background-enabled":"default","ast-page-background-meta":{"desktop":{"background-color":"","background-image":"","background-repeat":"repeat","background-position":"center center","background-size":"auto","background-attachment":"scroll","background-type":"","background-media":"","overlay-type":"","overlay-color":"","overlay-opacity":"","overlay-gradient":""},"tablet":{"background-color":"","background-image":"","background-repeat":"repeat","background-position":"center center","background-size":"auto","background-attachment":"scroll","background-type":"","background-media":"","overlay-type":"","overlay-color":"","overlay-opacity":"","overlay-gradient":""},"mobile":{"background-color":"","background-image":"","background-repeat":"repeat","background-position":"center center","background-size":"auto","background-attachment":"scroll","background-type":"","background-media":"","overlay-type":"","overlay-color":"","overlay-opacity":"","overlay-gradient":""}},"ast-content-background-meta":{"desktop":{"background-color":"var(--ast-global-color-5)","background-image":"","background-repeat":"repeat","background-position":"center center","background-size":"auto","background-attachment":"scroll","background-type":"","background-media":"","overlay-type":"","overlay-color":"","overlay-opacity":"","overlay-gradient":""},"tablet":{"background-color":"var(--ast-global-color-5)","background-image":"","background-repeat":"repeat","background-position":"center center","background-size":"auto","background-attachment":"scroll","background-type":"","background-media":"","overlay-type":"","overlay-color":"","overlay-opacity":"","overlay-gradient":""},"mobile":{"background-color":"var(--ast-global-color-5)","background-image":"","background-repeat":"repeat","background-position":"center center","background-size":"auto","background-attachment":"scroll","background-type":"","background-media":"","overlay-type":"","overlay-color":"","overlay-opacity":"","overlay-gradient":""}},"footnotes":""},"class_list":["post-43468","page","type-page","status-publish","hentry"],"acf":[],"_links":{"self":[{"href":"https:\/\/tzalash.org\/es\/wp-json\/wp\/v2\/pages\/43468","targetHints":{"allow":["GET"]}}],"collection":[{"href":"https:\/\/tzalash.org\/es\/wp-json\/wp\/v2\/pages"}],"about":[{"href":"https:\/\/tzalash.org\/es\/wp-json\/wp\/v2\/types\/page"}],"author":[{"embeddable":true,"href":"https:\/\/tzalash.org\/es\/wp-json\/wp\/v2\/users\/12"}],"replies":[{"embeddable":true,"href":"https:\/\/tzalash.org\/es\/wp-json\/wp\/v2\/comments?post=43468"}],"version-history":[{"count":1,"href":"https:\/\/tzalash.org\/es\/wp-json\/wp\/v2\/pages\/43468\/revisions"}],"predecessor-version":[{"id":43469,"href":"https:\/\/tzalash.org\/es\/wp-json\/wp\/v2\/pages\/43468\/revisions\/43469"}],"up":[{"embeddable":true,"href":"https:\/\/tzalash.org\/es\/wp-json\/wp\/v2\/pages\/43466"}],"wp:attachment":[{"href":"https:\/\/tzalash.org\/es\/wp-json\/wp\/v2\/media?parent=43468"}],"curies":[{"name":"wp","href":"https:\/\/api.w.org\/{rel}","templated":true}]}}